{"id":1216,"date":"2019-10-17T07:26:22","date_gmt":"2019-10-17T07:26:22","guid":{"rendered":"http:\/\/www.keminasemanpuisto.com\/?page_id=1216"},"modified":"2021-09-10T09:32:33","modified_gmt":"2021-09-10T09:32:33","slug":"ajankohtaista","status":"publish","type":"page","link":"https:\/\/vanha.cafeherttakemi.com\/en\/ajankohtaista\/","title":{"rendered":"News from"},"content":{"rendered":"<div data-elementor-type=\"wp-page\" data-elementor-id=\"1216\" class=\"elementor elementor-1216\" data-elementor-post-type=\"page\">\n\t\t\t\t\t\t<section class=\"elementor-section elementor-top-section elementor-element elementor-element-45c324d elementor-section-stretched elementor-section-full_width elementor-section-height-default elementor-section-height-default\" data-id=\"45c324d\" data-element_type=\"section\" data-e-type=\"section\" data-settings=\"{&quot;stretch_section&quot;:&quot;section-stretched&quot;}\">\n\t\t\t\t\t\t<div class=\"elementor-container elementor-column-gap-no\">\n\t\t\t\t\t<div class=\"elementor-column elementor-col-100 elementor-top-column elementor-element elementor-element-1e78784\" data-id=\"1e78784\" data-element_type=\"column\" data-e-type=\"column\">\n\t\t\t<div class=\"elementor-widget-wrap elementor-element-populated\">\n\t\t\t\t\t\t<div class=\"elementor-element elementor-element-0a76b8a elementor-widget elementor-widget-image\" data-id=\"0a76b8a\" data-element_type=\"widget\" data-e-type=\"widget\" data-widget_type=\"image.default\">\n\t\t\t\t<div class=\"elementor-widget-container\">\n\t\t\t\t\t\t\t\t\t\t\t\t\t\t\t<img fetchpriority=\"high\" decoding=\"async\" width=\"720\" height=\"480\" src=\"https:\/\/vanha.cafeherttakemi.com\/wp-content\/uploads\/2019\/10\/tontut-ja-joulupukki.jpg\" class=\"attachment-full size-full wp-image-1217\" alt=\"\" \/>\t\t\t\t\t\t\t\t\t\t\t\t\t\t\t<\/div>\n\t\t\t\t<\/div>\n\t\t\t\t\t<\/div>\n\t\t<\/div>\n\t\t\t\t\t<\/div>\n\t\t<\/section>\n\t\t\t\t<section class=\"elementor-section elementor-top-section elementor-element elementor-element-b3b3ba6 elementor-section-boxed elementor-section-height-default elementor-section-height-default\" data-id=\"b3b3ba6\" data-element_type=\"section\" data-e-type=\"section\">\n\t\t\t\t\t\t<div class=\"elementor-container elementor-column-gap-default\">\n\t\t\t\t\t<div class=\"elementor-column elementor-col-100 elementor-top-column elementor-element elementor-element-dc42225\" data-id=\"dc42225\" data-element_type=\"column\" data-e-type=\"column\">\n\t\t\t<div class=\"elementor-widget-wrap elementor-element-populated\">\n\t\t\t\t\t\t<div class=\"elementor-element elementor-element-f911972 elementor-widget elementor-widget-spacer\" data-id=\"f911972\" data-element_type=\"widget\" data-e-type=\"widget\" data-widget_type=\"spacer.default\">\n\t\t\t\t<div class=\"elementor-widget-container\">\n\t\t\t\t\t\t\t<div class=\"elementor-spacer\">\n\t\t\t<div class=\"elementor-spacer-inner\"><\/div>\n\t\t<\/div>\n\t\t\t\t\t\t<\/div>\n\t\t\t\t<\/div>\n\t\t\t\t\t<\/div>\n\t\t<\/div>\n\t\t\t\t\t<\/div>\n\t\t<\/section>\n\t\t\t\t<section class=\"elementor-section elementor-top-section elementor-element elementor-element-22f7ff9 elementor-section-boxed elementor-section-height-default elementor-section-height-default\" data-id=\"22f7ff9\" data-element_type=\"section\" data-e-type=\"section\">\n\t\t\t\t\t\t<div class=\"elementor-container elementor-column-gap-default\">\n\t\t\t\t\t<div class=\"elementor-column elementor-col-100 elementor-top-column elementor-element elementor-element-cbd9500\" data-id=\"cbd9500\" data-element_type=\"column\" data-e-type=\"column\">\n\t\t\t<div class=\"elementor-widget-wrap elementor-element-populated\">\n\t\t\t\t\t\t<div class=\"elementor-element elementor-element-3319b74 elementor-widget elementor-widget-heading\" data-id=\"3319b74\" data-element_type=\"widget\" data-e-type=\"widget\" data-widget_type=\"heading.default\">\n\t\t\t\t<div class=\"elementor-widget-container\">\n\t\t\t\t\t<h2 class=\"elementor-heading-title elementor-size-default\">The smell of roasting coffee fills the downstairs hall of the old station restaurant building. The heart of this atmospheric caf\u00e9 beats for locals and visitors alike.\n<\/h2>\t\t\t\t<\/div>\n\t\t\t\t<\/div>\n\t\t\t\t\t<\/div>\n\t\t<\/div>\n\t\t\t\t\t<\/div>\n\t\t<\/section>\n\t\t\t\t<section class=\"elementor-section elementor-top-section elementor-element elementor-element-e7a19a7 elementor-section-boxed elementor-section-height-default elementor-section-height-default\" data-id=\"e7a19a7\" data-element_type=\"section\" data-e-type=\"section\">\n\t\t\t\t\t\t<div class=\"elementor-container elementor-column-gap-default\">\n\t\t\t\t\t<div class=\"elementor-column elementor-col-100 elementor-top-column elementor-element elementor-element-b3a9ac3\" data-id=\"b3a9ac3\" data-element_type=\"column\" data-e-type=\"column\">\n\t\t\t<div class=\"elementor-widget-wrap elementor-element-populated\">\n\t\t\t\t\t\t<div class=\"elementor-element elementor-element-f433194 elementor-widget elementor-widget-spacer\" data-id=\"f433194\" data-element_type=\"widget\" data-e-type=\"widget\" data-widget_type=\"spacer.default\">\n\t\t\t\t<div class=\"elementor-widget-container\">\n\t\t\t\t\t\t\t<div class=\"elementor-spacer\">\n\t\t\t<div class=\"elementor-spacer-inner\"><\/div>\n\t\t<\/div>\n\t\t\t\t\t\t<\/div>\n\t\t\t\t<\/div>\n\t\t\t\t<div class=\"elementor-element elementor-element-33a70ee elementor-widget elementor-widget-heading\" data-id=\"33a70ee\" data-element_type=\"widget\" data-e-type=\"widget\" data-widget_type=\"heading.default\">\n\t\t\t\t<div class=\"elementor-widget-container\">\n\t\t\t\t\t<h2 class=\"elementor-heading-title elementor-size-default\">Station Christmas Park<\/h2>\t\t\t\t<\/div>\n\t\t\t\t<\/div>\n\t\t\t\t\t<\/div>\n\t\t<\/div>\n\t\t\t\t\t<\/div>\n\t\t<\/section>\n\t\t\t\t<section class=\"elementor-section elementor-top-section elementor-element elementor-element-77ca825 elementor-section-boxed elementor-section-height-default elementor-section-height-default\" data-id=\"77ca825\" data-element_type=\"section\" data-e-type=\"section\">\n\t\t\t\t\t\t<div class=\"elementor-container elementor-column-gap-default\">\n\t\t\t\t\t<div class=\"elementor-column elementor-col-100 elementor-top-column elementor-element elementor-element-53d8641\" data-id=\"53d8641\" data-element_type=\"column\" data-e-type=\"column\">\n\t\t\t<div class=\"elementor-widget-wrap elementor-element-populated\">\n\t\t\t\t\t\t<div class=\"elementor-element elementor-element-e405d1f elementor-widget elementor-widget-spacer\" data-id=\"e405d1f\" data-element_type=\"widget\" data-e-type=\"widget\" data-widget_type=\"spacer.default\">\n\t\t\t\t<div class=\"elementor-widget-container\">\n\t\t\t\t\t\t\t<div class=\"elementor-spacer\">\n\t\t\t<div class=\"elementor-spacer-inner\"><\/div>\n\t\t<\/div>\n\t\t\t\t\t\t<\/div>\n\t\t\t\t<\/div>\n\t\t\t\t<div class=\"elementor-element elementor-element-dbdd39f elementor-widget elementor-widget-heading\" data-id=\"dbdd39f\" data-element_type=\"widget\" data-e-type=\"widget\" data-widget_type=\"heading.default\">\n\t\t\t\t<div class=\"elementor-widget-container\">\n\t\t\t\t\t<h5 class=\"elementor-heading-title elementor-size-default\">\nMore information coming soon!<\/h5>\t\t\t\t<\/div>\n\t\t\t\t<\/div>\n\t\t\t\t\t<\/div>\n\t\t<\/div>\n\t\t\t\t\t<\/div>\n\t\t<\/section>\n\t\t\t\t<section class=\"elementor-section elementor-top-section elementor-element elementor-element-63d77fa elementor-section-boxed elementor-section-height-default elementor-section-height-default\" data-id=\"63d77fa\" data-element_type=\"section\" data-e-type=\"section\">\n\t\t\t\t\t\t<div class=\"elementor-container elementor-column-gap-default\">\n\t\t\t\t\t<div class=\"elementor-column elementor-col-100 elementor-top-column elementor-element elementor-element-12f3894\" data-id=\"12f3894\" data-element_type=\"column\" data-e-type=\"column\">\n\t\t\t<div class=\"elementor-widget-wrap elementor-element-populated\">\n\t\t\t\t\t\t<div class=\"elementor-element elementor-element-a403333 elementor-widget elementor-widget-spacer\" data-id=\"a403333\" data-element_type=\"widget\" data-e-type=\"widget\" data-widget_type=\"spacer.default\">\n\t\t\t\t<div class=\"elementor-widget-container\">\n\t\t\t\t\t\t\t<div class=\"elementor-spacer\">\n\t\t\t<div class=\"elementor-spacer-inner\"><\/div>\n\t\t<\/div>\n\t\t\t\t\t\t<\/div>\n\t\t\t\t<\/div>\n\t\t\t\t\t<\/div>\n\t\t<\/div>\n\t\t\t\t\t<\/div>\n\t\t<\/section>\n\t\t\t\t<section class=\"elementor-section elementor-top-section elementor-element elementor-element-618867e elementor-section-stretched elementor-section-full_width elementor-section-height-default elementor-section-height-default\" data-id=\"618867e\" data-element_type=\"section\" data-e-type=\"section\" data-settings=\"{&quot;stretch_section&quot;:&quot;section-stretched&quot;}\">\n\t\t\t\t\t\t<div class=\"elementor-container elementor-column-gap-default\">\n\t\t\t\t\t<div class=\"elementor-column elementor-col-100 elementor-top-column elementor-element elementor-element-9efb5cd\" data-id=\"9efb5cd\" data-element_type=\"column\" data-e-type=\"column\">\n\t\t\t<div class=\"elementor-widget-wrap\">\n\t\t\t\t\t\t\t<\/div>\n\t\t<\/div>\n\t\t\t\t\t<\/div>\n\t\t<\/section>\n\t\t\t\t<\/div>","protected":false},"excerpt":{"rendered":"<p>The smell of roasting coffee fills the downstairs hall of the old station restaurant building. The heart of this atmospheric caf\u00e9 beats for locals and visitors alike. Station Christmas Park More information coming soon!<\/p>","protected":false},"author":1,"featured_media":0,"parent":0,"menu_order":0,"comment_status":"closed","ping_status":"closed","template":"","meta":{"footnotes":""},"class_list":["post-1216","page","type-page","status-publish","hentry"],"yoast_head":"<!-- This site is optimized with the Yoast SEO plugin v26.8 - https:\/\/yoast.com\/product\/yoast-seo-wordpress\/ -->\n<title>Ajankohtaista - Kemin Asemanpuisto<\/title>\n<meta name=\"robots\" content=\"index, follow, max-snippet:-1, max-image-preview:large, max-video-preview:-1\" \/>\n<link rel=\"canonical\" href=\"https:\/\/vanha.cafeherttakemi.com\/en\/ajankohtaista\/\" \/>\n<meta property=\"og:locale\" content=\"en_GB\" \/>\n<meta property=\"og:type\" content=\"article\" \/>\n<meta property=\"og:title\" content=\"Ajankohtaista - Kemin Asemanpuisto\" \/>\n<meta property=\"og:description\" content=\"Vanhan asemaravintolarakennuksen alakerran salin t\u00e4ytt\u00e4\u00e4 paahteisen kahvin tuoksu. Tunnelmallisen kahvilan syd\u00e4n sykkii niin paikallisille, kuin muualta tuleville vieraille. Aseman joulupuisto Lis\u00e4tietoa tulossa pian!\" \/>\n<meta property=\"og:url\" content=\"https:\/\/vanha.cafeherttakemi.com\/en\/ajankohtaista\/\" \/>\n<meta property=\"og:site_name\" content=\"Kemin Asemanpuisto\" \/>\n<meta property=\"article:modified_time\" content=\"2021-09-10T09:32:33+00:00\" \/>\n<meta property=\"og:image\" content=\"http:\/\/vanha.cafeherttakemi.com\/wp-content\/uploads\/2019\/10\/tontut-ja-joulupukki.jpg\" \/>\n<meta name=\"twitter:card\" content=\"summary_large_image\" \/>\n<script type=\"application\/ld+json\" class=\"yoast-schema-graph\">{\"@context\":\"https:\/\/schema.org\",\"@graph\":[{\"@type\":\"WebPage\",\"@id\":\"https:\/\/vanha.cafeherttakemi.com\/ajankohtaista\/\",\"url\":\"https:\/\/vanha.cafeherttakemi.com\/ajankohtaista\/\",\"name\":\"Ajankohtaista - Kemin Asemanpuisto\",\"isPartOf\":{\"@id\":\"https:\/\/vanha.cafeherttakemi.com\/#website\"},\"primaryImageOfPage\":{\"@id\":\"https:\/\/vanha.cafeherttakemi.com\/ajankohtaista\/#primaryimage\"},\"image\":{\"@id\":\"https:\/\/vanha.cafeherttakemi.com\/ajankohtaista\/#primaryimage\"},\"thumbnailUrl\":\"http:\/\/vanha.cafeherttakemi.com\/wp-content\/uploads\/2019\/10\/tontut-ja-joulupukki.jpg\",\"datePublished\":\"2019-10-17T07:26:22+00:00\",\"dateModified\":\"2021-09-10T09:32:33+00:00\",\"breadcrumb\":{\"@id\":\"https:\/\/vanha.cafeherttakemi.com\/ajankohtaista\/#breadcrumb\"},\"inLanguage\":\"en-GB\",\"potentialAction\":[{\"@type\":\"ReadAction\",\"target\":[\"https:\/\/vanha.cafeherttakemi.com\/ajankohtaista\/\"]}]},{\"@type\":\"ImageObject\",\"inLanguage\":\"en-GB\",\"@id\":\"https:\/\/vanha.cafeherttakemi.com\/ajankohtaista\/#primaryimage\",\"url\":\"http:\/\/vanha.cafeherttakemi.com\/wp-content\/uploads\/2019\/10\/tontut-ja-joulupukki.jpg\",\"contentUrl\":\"http:\/\/vanha.cafeherttakemi.com\/wp-content\/uploads\/2019\/10\/tontut-ja-joulupukki.jpg\"},{\"@type\":\"BreadcrumbList\",\"@id\":\"https:\/\/vanha.cafeherttakemi.com\/ajankohtaista\/#breadcrumb\",\"itemListElement\":[{\"@type\":\"ListItem\",\"position\":1,\"name\":\"Home\",\"item\":\"https:\/\/vanha.cafeherttakemi.com\/\"},{\"@type\":\"ListItem\",\"position\":2,\"name\":\"Ajankohtaista\"}]},{\"@type\":\"WebSite\",\"@id\":\"https:\/\/vanha.cafeherttakemi.com\/#website\",\"url\":\"https:\/\/vanha.cafeherttakemi.com\/\",\"name\":\"Kemin Asemanpuisto\",\"description\":\"Hotelli ja kahvila keskell&auml; Kemi&auml;\",\"publisher\":{\"@id\":\"https:\/\/vanha.cafeherttakemi.com\/#organization\"},\"potentialAction\":[{\"@type\":\"SearchAction\",\"target\":{\"@type\":\"EntryPoint\",\"urlTemplate\":\"https:\/\/vanha.cafeherttakemi.com\/?s={search_term_string}\"},\"query-input\":{\"@type\":\"PropertyValueSpecification\",\"valueRequired\":true,\"valueName\":\"search_term_string\"}}],\"inLanguage\":\"en-GB\"},{\"@type\":\"Organization\",\"@id\":\"https:\/\/vanha.cafeherttakemi.com\/#organization\",\"name\":\"Kemin Asemanpuisto Oy\",\"url\":\"https:\/\/vanha.cafeherttakemi.com\/\",\"logo\":{\"@type\":\"ImageObject\",\"inLanguage\":\"en-GB\",\"@id\":\"https:\/\/vanha.cafeherttakemi.com\/#\/schema\/logo\/image\/\",\"url\":\"http:\/\/vanha.cafeherttakemi.com\/wp-content\/uploads\/2019\/09\/Kemin-asemanpuisto_logo_badge2.png\",\"contentUrl\":\"http:\/\/vanha.cafeherttakemi.com\/wp-content\/uploads\/2019\/09\/Kemin-asemanpuisto_logo_badge2.png\",\"width\":1772,\"height\":1772,\"caption\":\"Kemin Asemanpuisto Oy\"},\"image\":{\"@id\":\"https:\/\/vanha.cafeherttakemi.com\/#\/schema\/logo\/image\/\"}}]}<\/script>\n<!-- \/ Yoast SEO plugin. -->","yoast_head_json":{"title":"News - Kemi Station Park","robots":{"index":"index","follow":"follow","max-snippet":"max-snippet:-1","max-image-preview":"max-image-preview:large","max-video-preview":"max-video-preview:-1"},"canonical":"https:\/\/vanha.cafeherttakemi.com\/en\/ajankohtaista\/","og_locale":"en_GB","og_type":"article","og_title":"Ajankohtaista - Kemin Asemanpuisto","og_description":"Vanhan asemaravintolarakennuksen alakerran salin t\u00e4ytt\u00e4\u00e4 paahteisen kahvin tuoksu. Tunnelmallisen kahvilan syd\u00e4n sykkii niin paikallisille, kuin muualta tuleville vieraille. Aseman joulupuisto Lis\u00e4tietoa tulossa pian!","og_url":"https:\/\/vanha.cafeherttakemi.com\/en\/ajankohtaista\/","og_site_name":"Kemin Asemanpuisto","article_modified_time":"2021-09-10T09:32:33+00:00","og_image":[{"url":"http:\/\/vanha.cafeherttakemi.com\/wp-content\/uploads\/2019\/10\/tontut-ja-joulupukki.jpg","type":"","width":"","height":""}],"twitter_card":"summary_large_image","schema":{"@context":"https:\/\/schema.org","@graph":[{"@type":"WebPage","@id":"https:\/\/vanha.cafeherttakemi.com\/ajankohtaista\/","url":"https:\/\/vanha.cafeherttakemi.com\/ajankohtaista\/","name":"News - Kemi Station Park","isPartOf":{"@id":"https:\/\/vanha.cafeherttakemi.com\/#website"},"primaryImageOfPage":{"@id":"https:\/\/vanha.cafeherttakemi.com\/ajankohtaista\/#primaryimage"},"image":{"@id":"https:\/\/vanha.cafeherttakemi.com\/ajankohtaista\/#primaryimage"},"thumbnailUrl":"http:\/\/vanha.cafeherttakemi.com\/wp-content\/uploads\/2019\/10\/tontut-ja-joulupukki.jpg","datePublished":"2019-10-17T07:26:22+00:00","dateModified":"2021-09-10T09:32:33+00:00","breadcrumb":{"@id":"https:\/\/vanha.cafeherttakemi.com\/ajankohtaista\/#breadcrumb"},"inLanguage":"en-GB","potentialAction":[{"@type":"ReadAction","target":["https:\/\/vanha.cafeherttakemi.com\/ajankohtaista\/"]}]},{"@type":"ImageObject","inLanguage":"en-GB","@id":"https:\/\/vanha.cafeherttakemi.com\/ajankohtaista\/#primaryimage","url":"http:\/\/vanha.cafeherttakemi.com\/wp-content\/uploads\/2019\/10\/tontut-ja-joulupukki.jpg","contentUrl":"http:\/\/vanha.cafeherttakemi.com\/wp-content\/uploads\/2019\/10\/tontut-ja-joulupukki.jpg"},{"@type":"BreadcrumbList","@id":"https:\/\/vanha.cafeherttakemi.com\/ajankohtaista\/#breadcrumb","itemListElement":[{"@type":"ListItem","position":1,"name":"Home","item":"https:\/\/vanha.cafeherttakemi.com\/"},{"@type":"ListItem","position":2,"name":"Ajankohtaista"}]},{"@type":"WebSite","@id":"https:\/\/vanha.cafeherttakemi.com\/#website","url":"https:\/\/vanha.cafeherttakemi.com\/","name":"Kemi Station Park","description":"Hotel and caf\u00e9 in the centre of Kemi","publisher":{"@id":"https:\/\/vanha.cafeherttakemi.com\/#organization"},"potentialAction":[{"@type":"SearchAction","target":{"@type":"EntryPoint","urlTemplate":"https:\/\/vanha.cafeherttakemi.com\/?s={search_term_string}"},"query-input":{"@type":"PropertyValueSpecification","valueRequired":true,"valueName":"search_term_string"}}],"inLanguage":"en-GB"},{"@type":"Organization","@id":"https:\/\/vanha.cafeherttakemi.com\/#organization","name":"Kemi Asemanpuisto Oy","url":"https:\/\/vanha.cafeherttakemi.com\/","logo":{"@type":"ImageObject","inLanguage":"en-GB","@id":"https:\/\/vanha.cafeherttakemi.com\/#\/schema\/logo\/image\/","url":"http:\/\/vanha.cafeherttakemi.com\/wp-content\/uploads\/2019\/09\/Kemin-asemanpuisto_logo_badge2.png","contentUrl":"http:\/\/vanha.cafeherttakemi.com\/wp-content\/uploads\/2019\/09\/Kemin-asemanpuisto_logo_badge2.png","width":1772,"height":1772,"caption":"Kemin Asemanpuisto Oy"},"image":{"@id":"https:\/\/vanha.cafeherttakemi.com\/#\/schema\/logo\/image\/"}}]}},"_links":{"self":[{"href":"https:\/\/vanha.cafeherttakemi.com\/en\/wp-json\/wp\/v2\/pages\/1216","targetHints":{"allow":["GET"]}}],"collection":[{"href":"https:\/\/vanha.cafeherttakemi.com\/en\/wp-json\/wp\/v2\/pages"}],"about":[{"href":"https:\/\/vanha.cafeherttakemi.com\/en\/wp-json\/wp\/v2\/types\/page"}],"author":[{"embeddable":true,"href":"https:\/\/vanha.cafeherttakemi.com\/en\/wp-json\/wp\/v2\/users\/1"}],"replies":[{"embeddable":true,"href":"https:\/\/vanha.cafeherttakemi.com\/en\/wp-json\/wp\/v2\/comments?post=1216"}],"version-history":[{"count":8,"href":"https:\/\/vanha.cafeherttakemi.com\/en\/wp-json\/wp\/v2\/pages\/1216\/revisions"}],"predecessor-version":[{"id":2013,"href":"https:\/\/vanha.cafeherttakemi.com\/en\/wp-json\/wp\/v2\/pages\/1216\/revisions\/2013"}],"wp:attachment":[{"href":"https:\/\/vanha.cafeherttakemi.com\/en\/wp-json\/wp\/v2\/media?parent=1216"}],"curies":[{"name":"wp","href":"https:\/\/api.w.org\/{rel}","templated":true}]}}