{"id":827,"date":"2019-09-11T12:17:28","date_gmt":"2019-09-11T12:17:28","guid":{"rendered":"http:\/\/www.nuotiotesti.com\/hotsku\/?page_id=827"},"modified":"2025-03-12T06:21:45","modified_gmt":"2025-03-12T06:21:45","slug":"sininen-hetki-huone","status":"publish","type":"page","link":"https:\/\/vanha.cafeherttakemi.com\/en\/putiikkihotelli-kemi-1932\/sininen-hetki-huone\/","title":{"rendered":"Blue moment"},"content":{"rendered":"<div data-elementor-type=\"wp-page\" data-elementor-id=\"827\" class=\"elementor elementor-827\" data-elementor-post-type=\"page\">\n\t\t\t\t\t\t<section class=\"elementor-section elementor-top-section elementor-element elementor-element-1316176 elementor-section-boxed elementor-section-height-default elementor-section-height-default\" data-id=\"1316176\" data-element_type=\"section\" data-e-type=\"section\">\n\t\t\t\t\t\t<div class=\"elementor-container elementor-column-gap-default\">\n\t\t\t\t\t<div class=\"elementor-column elementor-col-100 elementor-top-column elementor-element elementor-element-281dfbf\" data-id=\"281dfbf\" data-element_type=\"column\" data-e-type=\"column\">\n\t\t\t<div class=\"elementor-widget-wrap\">\n\t\t\t\t\t\t\t<\/div>\n\t\t<\/div>\n\t\t\t\t\t<\/div>\n\t\t<\/section>\n\t\t\t\t<section class=\"elementor-section elementor-top-section elementor-element elementor-element-d6bc322 elementor-section-boxed elementor-section-height-default elementor-section-height-default\" data-id=\"d6bc322\" data-element_type=\"section\" data-e-type=\"section\" data-settings=\"{&quot;background_background&quot;:&quot;classic&quot;}\">\n\t\t\t\t\t\t<div class=\"elementor-container elementor-column-gap-default\">\n\t\t\t\t\t<div class=\"elementor-column elementor-col-100 elementor-top-column elementor-element elementor-element-72d38b8\" data-id=\"72d38b8\" data-element_type=\"column\" data-e-type=\"column\">\n\t\t\t<div class=\"elementor-widget-wrap elementor-element-populated\">\n\t\t\t\t\t\t<div class=\"elementor-element elementor-element-5f6c69f elementor-widget elementor-widget-spacer\" data-id=\"5f6c69f\" data-element_type=\"widget\" data-e-type=\"widget\" data-widget_type=\"spacer.default\">\n\t\t\t\t<div class=\"elementor-widget-container\">\n\t\t\t\t\t\t\t<div class=\"elementor-spacer\">\n\t\t\t<div class=\"elementor-spacer-inner\"><\/div>\n\t\t<\/div>\n\t\t\t\t\t\t<\/div>\n\t\t\t\t<\/div>\n\t\t\t\t\t<\/div>\n\t\t<\/div>\n\t\t\t\t\t<\/div>\n\t\t<\/section>\n\t\t\t\t<section class=\"elementor-section elementor-top-section elementor-element elementor-element-0658525 elementor-section-boxed elementor-section-height-default elementor-section-height-default\" data-id=\"0658525\" data-element_type=\"section\" data-e-type=\"section\">\n\t\t\t\t\t\t<div class=\"elementor-container elementor-column-gap-default\">\n\t\t\t\t\t<div class=\"elementor-column elementor-col-50 elementor-top-column elementor-element elementor-element-9061d17\" data-id=\"9061d17\" data-element_type=\"column\" data-e-type=\"column\">\n\t\t\t<div class=\"elementor-widget-wrap elementor-element-populated\">\n\t\t\t\t\t\t<div class=\"elementor-element elementor-element-bc1b57b elementor-widget elementor-widget-html\" data-id=\"bc1b57b\" data-element_type=\"widget\" data-e-type=\"widget\" data-widget_type=\"html.default\">\n\t\t\t\t<div class=\"elementor-widget-container\">\n\t\t\t\t\t<!-- BEGIN Moder Booking Widget -->\r\n<div id=\"moder-embed\"><\/div>\r\n<script>\r\n    var ModerSettings = {\r\n        property: 'putiikkihotelli-kemi-1932'\r\n    }\r\n<\/script>\r\n<script src=\"https:\/\/moder-embeds-dev.s3.eu-north-1.amazonaws.com\/bundle.js\" defer><\/script>\r\n<!-- END Moder Booking Widget -->\t\t\t\t<\/div>\n\t\t\t\t<\/div>\n\t\t\t\t<div class=\"elementor-element elementor-element-391b8df elementor-widget elementor-widget-heading\" data-id=\"391b8df\" data-element_type=\"widget\" data-e-type=\"widget\" data-widget_type=\"heading.default\">\n\t\t\t\t<div class=\"elementor-widget-container\">\n\t\t\t\t\t<h2 class=\"elementor-heading-title elementor-size-default\">Blue moment<\/h2>\t\t\t\t<\/div>\n\t\t\t\t<\/div>\n\t\t\t\t<div class=\"elementor-element elementor-element-426144c elementor-widget elementor-widget-text-editor\" data-id=\"426144c\" data-element_type=\"widget\" data-e-type=\"widget\" data-widget_type=\"text-editor.default\">\n\t\t\t\t<div class=\"elementor-widget-container\">\n\t\t\t\t\t\t\t\t\t<p>In the north, when the light is at its lowest during the day, on a frosty day you can experience a perfect blue moment as everything around you reverts to different shades of blue.<\/p><p>Room number 2, Blue Moment, has been inspired by this beautiful phenomenon of light, as its name suggests.<\/p>\t\t\t\t\t\t\t\t<\/div>\n\t\t\t\t<\/div>\n\t\t\t\t<div class=\"elementor-element elementor-element-0dbd09b elementor-widget elementor-widget-text-editor\" data-id=\"0dbd09b\" data-element_type=\"widget\" data-e-type=\"widget\" data-widget_type=\"text-editor.default\">\n\t\t\t\t<div class=\"elementor-widget-container\">\n\t\t\t\t\t\t\t\t\t<p><span style=\"color: var( --e-global-color-text ); font-family: var( --e-global-typography-text-font-family ), Sans-serif; font-size: var( --e-global-typography-text-font-size );\">Four shared lockable toilets and bathrooms with five other rooms. Each of the facilities is available for private use.<\/span><\/p><p>The room on the second floor overlooks the beautiful railway yard park.<\/p>\t\t\t\t\t\t\t\t<\/div>\n\t\t\t\t<\/div>\n\t\t\t\t\t<\/div>\n\t\t<\/div>\n\t\t\t\t<div class=\"elementor-column elementor-col-50 elementor-top-column elementor-element elementor-element-145e785\" data-id=\"145e785\" data-element_type=\"column\" data-e-type=\"column\" data-settings=\"{&quot;background_background&quot;:&quot;classic&quot;}\">\n\t\t\t<div class=\"elementor-widget-wrap elementor-element-populated\">\n\t\t\t\t\t\t<div class=\"elementor-element elementor-element-24ef5a2 elementor-widget elementor-widget-image-box\" data-id=\"24ef5a2\" data-element_type=\"widget\" data-e-type=\"widget\" data-widget_type=\"image-box.default\">\n\t\t\t\t<div class=\"elementor-widget-container\">\n\t\t\t\t\t<div class=\"elementor-image-box-wrapper\"><div class=\"elementor-image-box-content\"><h3 class=\"elementor-image-box-title\">Boutique hotel Kemi 1932<\/h3><p class=\"elementor-image-box-description\">Rautatiekatu 1, 94100 Kemi, Finland<\/p><\/div><\/div>\t\t\t\t<\/div>\n\t\t\t\t<\/div>\n\t\t\t\t<div class=\"elementor-element elementor-element-051f107 elementor-widget elementor-widget-text-editor\" data-id=\"051f107\" data-element_type=\"widget\" data-e-type=\"widget\" data-widget_type=\"text-editor.default\">\n\t\t\t\t<div class=\"elementor-widget-container\">\n\t\t\t\t\t\t\t\t\t<p>16,5 m\u00b2<\/p><p>Equipment:<br \/>Two single beds, LED TV<\/p><p>Price: <br \/>1 person 119\u20ac \/ night\u00a0<br \/>2 persons 129\u20ac \/ night<\/p><p>Price includes breakfast<\/p><p>Reservations and enquiries:<br \/><a href=\"tel:&quot;358405910980&quot;\">+358 40 591 0980<\/a> or <a href=\"mailto:&quot;info@putiikkihotellikemi.com&quot;\">info(at)boutique-hotel-liquor.co<\/a>m<\/p>\t\t\t\t\t\t\t\t<\/div>\n\t\t\t\t<\/div>\n\t\t\t\t\t<\/div>\n\t\t<\/div>\n\t\t\t\t\t<\/div>\n\t\t<\/section>\n\t\t\t\t<section class=\"elementor-section elementor-top-section elementor-element elementor-element-a58e885 elementor-section-boxed elementor-section-height-default elementor-section-height-default\" data-id=\"a58e885\" data-element_type=\"section\" data-e-type=\"section\">\n\t\t\t\t\t\t<div class=\"elementor-container elementor-column-gap-default\">\n\t\t\t\t\t<div class=\"elementor-column elementor-col-100 elementor-top-column elementor-element elementor-element-b1928ea\" data-id=\"b1928ea\" data-element_type=\"column\" data-e-type=\"column\">\n\t\t\t<div class=\"elementor-widget-wrap elementor-element-populated\">\n\t\t\t\t\t\t<div class=\"elementor-element elementor-element-1715375 elementor-widget elementor-widget-gallery\" data-id=\"1715375\" data-element_type=\"widget\" data-e-type=\"widget\" data-settings=\"{&quot;lazyload&quot;:&quot;yes&quot;,&quot;gallery_layout&quot;:&quot;grid&quot;,&quot;columns&quot;:4,&quot;columns_tablet&quot;:2,&quot;columns_mobile&quot;:1,&quot;gap&quot;:{&quot;unit&quot;:&quot;px&quot;,&quot;size&quot;:10,&quot;sizes&quot;:[]},&quot;gap_tablet&quot;:{&quot;unit&quot;:&quot;px&quot;,&quot;size&quot;:10,&quot;sizes&quot;:[]},&quot;gap_mobile&quot;:{&quot;unit&quot;:&quot;px&quot;,&quot;size&quot;:10,&quot;sizes&quot;:[]},&quot;link_to&quot;:&quot;file&quot;,&quot;aspect_ratio&quot;:&quot;3:2&quot;,&quot;overlay_background&quot;:&quot;yes&quot;,&quot;content_hover_animation&quot;:&quot;fade-in&quot;}\" data-widget_type=\"gallery.default\">\n\t\t\t\t<div class=\"elementor-widget-container\">\n\t\t\t\t\t\t\t<div class=\"elementor-gallery__container\">\n\t\t\t\t\t\t\t<a class=\"e-gallery-item elementor-gallery-item elementor-animated-content\" href=\"https:\/\/vanha.cafeherttakemi.com\/wp-content\/uploads\/2018\/03\/Sininen-hetki-11.jpg\" data-elementor-open-lightbox=\"yes\" data-elementor-lightbox-slideshow=\"1715375\" data-elementor-lightbox-title=\"Sininen hetki 11\" data-e-action-hash=\"#elementor-action%3Aaction%3Dlightbox%26settings%3DeyJpZCI6NDAyLCJ1cmwiOiJodHRwczpcL1wvdmFuaGEuY2FmZWhlcnR0YWtlbWkuY29tXC93cC1jb250ZW50XC91cGxvYWRzXC8yMDE4XC8wM1wvU2luaW5lbi1oZXRraS0xMS5qcGciLCJzbGlkZXNob3ciOiIxNzE1Mzc1In0%3D\">\n\t\t\t\t\t<div class=\"e-gallery-image elementor-gallery-item__image\" data-thumbnail=\"https:\/\/vanha.cafeherttakemi.com\/wp-content\/uploads\/2018\/03\/Sininen-hetki-11-300x281.jpg\" data-width=\"300\" data-height=\"281\" aria-label=\"\" role=\"img\" ><\/div>\n\t\t\t\t\t\t\t\t\t\t\t<div class=\"elementor-gallery-item__overlay\"><\/div>\n\t\t\t\t\t\t\t\t\t\t\t\t\t\t<\/a>\n\t\t\t\t\t\t\t<a class=\"e-gallery-item elementor-gallery-item elementor-animated-content\" href=\"https:\/\/vanha.cafeherttakemi.com\/wp-content\/uploads\/2018\/02\/Sininen-hetki-6.jpg\" data-elementor-open-lightbox=\"yes\" data-elementor-lightbox-slideshow=\"1715375\" data-elementor-lightbox-title=\"Sininen hetki 6\" data-e-action-hash=\"#elementor-action%3Aaction%3Dlightbox%26settings%3DeyJpZCI6Mjg0LCJ1cmwiOiJodHRwczpcL1wvdmFuaGEuY2FmZWhlcnR0YWtlbWkuY29tXC93cC1jb250ZW50XC91cGxvYWRzXC8yMDE4XC8wMlwvU2luaW5lbi1oZXRraS02LmpwZyIsInNsaWRlc2hvdyI6IjE3MTUzNzUifQ%3D%3D\">\n\t\t\t\t\t<div class=\"e-gallery-image elementor-gallery-item__image\" data-thumbnail=\"https:\/\/vanha.cafeherttakemi.com\/wp-content\/uploads\/2018\/02\/Sininen-hetki-6-300x195.jpg\" data-width=\"300\" data-height=\"195\" aria-label=\"\" role=\"img\" ><\/div>\n\t\t\t\t\t\t\t\t\t\t\t<div class=\"elementor-gallery-item__overlay\"><\/div>\n\t\t\t\t\t\t\t\t\t\t\t\t\t\t<\/a>\n\t\t\t\t\t\t\t<a class=\"e-gallery-item elementor-gallery-item elementor-animated-content\" href=\"https:\/\/vanha.cafeherttakemi.com\/wp-content\/uploads\/2018\/02\/Sininen-hetki-5.jpg\" data-elementor-open-lightbox=\"yes\" data-elementor-lightbox-slideshow=\"1715375\" data-elementor-lightbox-title=\"Sininen hetki 5\" data-e-action-hash=\"#elementor-action%3Aaction%3Dlightbox%26settings%3DeyJpZCI6MjgzLCJ1cmwiOiJodHRwczpcL1wvdmFuaGEuY2FmZWhlcnR0YWtlbWkuY29tXC93cC1jb250ZW50XC91cGxvYWRzXC8yMDE4XC8wMlwvU2luaW5lbi1oZXRraS01LmpwZyIsInNsaWRlc2hvdyI6IjE3MTUzNzUifQ%3D%3D\">\n\t\t\t\t\t<div class=\"e-gallery-image elementor-gallery-item__image\" data-thumbnail=\"https:\/\/vanha.cafeherttakemi.com\/wp-content\/uploads\/2018\/02\/Sininen-hetki-5-227x300.jpg\" data-width=\"227\" data-height=\"300\" aria-label=\"\" role=\"img\" ><\/div>\n\t\t\t\t\t\t\t\t\t\t\t<div class=\"elementor-gallery-item__overlay\"><\/div>\n\t\t\t\t\t\t\t\t\t\t\t\t\t\t<\/a>\n\t\t\t\t\t\t\t<a class=\"e-gallery-item elementor-gallery-item elementor-animated-content\" href=\"https:\/\/vanha.cafeherttakemi.com\/wp-content\/uploads\/2018\/02\/Sininen-hetki-4.jpg\" data-elementor-open-lightbox=\"yes\" data-elementor-lightbox-slideshow=\"1715375\" data-elementor-lightbox-title=\"Sininen hetki 4\" data-e-action-hash=\"#elementor-action%3Aaction%3Dlightbox%26settings%3DeyJpZCI6MjgyLCJ1cmwiOiJodHRwczpcL1wvdmFuaGEuY2FmZWhlcnR0YWtlbWkuY29tXC93cC1jb250ZW50XC91cGxvYWRzXC8yMDE4XC8wMlwvU2luaW5lbi1oZXRraS00LmpwZyIsInNsaWRlc2hvdyI6IjE3MTUzNzUifQ%3D%3D\">\n\t\t\t\t\t<div class=\"e-gallery-image elementor-gallery-item__image\" data-thumbnail=\"https:\/\/vanha.cafeherttakemi.com\/wp-content\/uploads\/2018\/02\/Sininen-hetki-4-300x215.jpg\" data-width=\"300\" data-height=\"215\" aria-label=\"\" role=\"img\" ><\/div>\n\t\t\t\t\t\t\t\t\t\t\t<div class=\"elementor-gallery-item__overlay\"><\/div>\n\t\t\t\t\t\t\t\t\t\t\t\t\t\t<\/a>\n\t\t\t\t\t\t\t<a class=\"e-gallery-item elementor-gallery-item elementor-animated-content\" href=\"https:\/\/vanha.cafeherttakemi.com\/wp-content\/uploads\/2018\/02\/Sininen-hetki-3.jpg\" data-elementor-open-lightbox=\"yes\" data-elementor-lightbox-slideshow=\"1715375\" data-elementor-lightbox-title=\"Sininen hetki 3\" data-e-action-hash=\"#elementor-action%3Aaction%3Dlightbox%26settings%3DeyJpZCI6MjgxLCJ1cmwiOiJodHRwczpcL1wvdmFuaGEuY2FmZWhlcnR0YWtlbWkuY29tXC93cC1jb250ZW50XC91cGxvYWRzXC8yMDE4XC8wMlwvU2luaW5lbi1oZXRraS0zLmpwZyIsInNsaWRlc2hvdyI6IjE3MTUzNzUifQ%3D%3D\">\n\t\t\t\t\t<div class=\"e-gallery-image elementor-gallery-item__image\" data-thumbnail=\"https:\/\/vanha.cafeherttakemi.com\/wp-content\/uploads\/2018\/02\/Sininen-hetki-3-300x220.jpg\" data-width=\"300\" data-height=\"220\" aria-label=\"\" role=\"img\" ><\/div>\n\t\t\t\t\t\t\t\t\t\t\t<div class=\"elementor-gallery-item__overlay\"><\/div>\n\t\t\t\t\t\t\t\t\t\t\t\t\t\t<\/a>\n\t\t\t\t\t\t\t<a class=\"e-gallery-item elementor-gallery-item elementor-animated-content\" href=\"https:\/\/vanha.cafeherttakemi.com\/wp-content\/uploads\/2018\/02\/sininen-hetki-2.jpg\" data-elementor-open-lightbox=\"yes\" data-elementor-lightbox-slideshow=\"1715375\" data-elementor-lightbox-title=\"sininen hetki 2\" data-e-action-hash=\"#elementor-action%3Aaction%3Dlightbox%26settings%3DeyJpZCI6MjgwLCJ1cmwiOiJodHRwczpcL1wvdmFuaGEuY2FmZWhlcnR0YWtlbWkuY29tXC93cC1jb250ZW50XC91cGxvYWRzXC8yMDE4XC8wMlwvc2luaW5lbi1oZXRraS0yLmpwZyIsInNsaWRlc2hvdyI6IjE3MTUzNzUifQ%3D%3D\">\n\t\t\t\t\t<div class=\"e-gallery-image elementor-gallery-item__image\" data-thumbnail=\"https:\/\/vanha.cafeherttakemi.com\/wp-content\/uploads\/2018\/02\/sininen-hetki-2-300x200.jpg\" data-width=\"300\" data-height=\"200\" aria-label=\"\" role=\"img\" ><\/div>\n\t\t\t\t\t\t\t\t\t\t\t<div class=\"elementor-gallery-item__overlay\"><\/div>\n\t\t\t\t\t\t\t\t\t\t\t\t\t\t<\/a>\n\t\t\t\t\t\t\t<a class=\"e-gallery-item elementor-gallery-item elementor-animated-content\" href=\"https:\/\/vanha.cafeherttakemi.com\/wp-content\/uploads\/2018\/02\/sininen-hetki1.jpg\" data-elementor-open-lightbox=\"yes\" data-elementor-lightbox-slideshow=\"1715375\" data-elementor-lightbox-title=\"sininen hetki1\" data-e-action-hash=\"#elementor-action%3Aaction%3Dlightbox%26settings%3DeyJpZCI6Mjc5LCJ1cmwiOiJodHRwczpcL1wvdmFuaGEuY2FmZWhlcnR0YWtlbWkuY29tXC93cC1jb250ZW50XC91cGxvYWRzXC8yMDE4XC8wMlwvc2luaW5lbi1oZXRraTEuanBnIiwic2xpZGVzaG93IjoiMTcxNTM3NSJ9\">\n\t\t\t\t\t<div class=\"e-gallery-image elementor-gallery-item__image\" data-thumbnail=\"https:\/\/vanha.cafeherttakemi.com\/wp-content\/uploads\/2018\/02\/sininen-hetki1-236x300.jpg\" data-width=\"236\" data-height=\"300\" aria-label=\"\" role=\"img\" ><\/div>\n\t\t\t\t\t\t\t\t\t\t\t<div class=\"elementor-gallery-item__overlay\"><\/div>\n\t\t\t\t\t\t\t\t\t\t\t\t\t\t<\/a>\n\t\t\t\t\t<\/div>\n\t\t\t\t\t<\/div>\n\t\t\t\t<\/div>\n\t\t\t\t\t<\/div>\n\t\t<\/div>\n\t\t\t\t\t<\/div>\n\t\t<\/section>\n\t\t\t\t<\/div>","protected":false},"excerpt":{"rendered":"<p>Sininen hetki Pohjoisessa, kaamoksen aikaan kun valon m\u00e4\u00e4r\u00e4 on p\u00e4ivisin v\u00e4h\u00e4isimmill\u00e4\u00e4n, voi pakkasp\u00e4iv\u00e4n\u00e4 kokea t\u00e4ydellisen sinisen hetken kun kaikki ymp\u00e4rill\u00e4 taittuu sinisen eri s\u00e4vyihin. Huone numero 2, Sininen hetki on nimens\u00e4 mukaisesti saanut inspiraation sisustukseen t\u00e4st\u00e4 kauniista valoilmi\u00f6st\u00e4. Nelj\u00e4 jaettua lukitettavaa wc- sek\u00e4 kylpyhuonetilaa viiden muun huoneen kanssa. Jokainen tiloista k\u00e4ytett\u00e4viss\u00e4 privaatisti. Toisessa kerroksessa sijaitsevasta [&hellip;]<\/p>\n","protected":false},"author":1,"featured_media":0,"parent":803,"menu_order":0,"comment_status":"closed","ping_status":"closed","template":"","meta":{"footnotes":""},"class_list":["post-827","page","type-page","status-publish","hentry"],"yoast_head":"<!-- This site is optimized with the Yoast SEO plugin v26.8 - https:\/\/yoast.com\/product\/yoast-seo-wordpress\/ -->\n<title>Sininen hetki - Kemin Asemanpuisto<\/title>\n<meta name=\"robots\" content=\"index, follow, max-snippet:-1, max-image-preview:large, max-video-preview:-1\" \/>\n<link rel=\"canonical\" href=\"https:\/\/vanha.cafeherttakemi.com\/en\/putiikkihotelli-kemi-1932\/sininen-hetki-huone\/\" \/>\n<meta property=\"og:locale\" content=\"en_GB\" \/>\n<meta property=\"og:type\" content=\"article\" \/>\n<meta property=\"og:title\" content=\"Sininen hetki - Kemin Asemanpuisto\" \/>\n<meta property=\"og:description\" content=\"Sininen hetki Pohjoisessa, kaamoksen aikaan kun valon m\u00e4\u00e4r\u00e4 on p\u00e4ivisin v\u00e4h\u00e4isimmill\u00e4\u00e4n, voi pakkasp\u00e4iv\u00e4n\u00e4 kokea t\u00e4ydellisen sinisen hetken kun kaikki ymp\u00e4rill\u00e4 taittuu sinisen eri s\u00e4vyihin. Huone numero 2, Sininen hetki on nimens\u00e4 mukaisesti saanut inspiraation sisustukseen t\u00e4st\u00e4 kauniista valoilmi\u00f6st\u00e4. Nelj\u00e4 jaettua lukitettavaa wc- sek\u00e4 kylpyhuonetilaa viiden muun huoneen kanssa. Jokainen tiloista k\u00e4ytett\u00e4viss\u00e4 privaatisti. Toisessa kerroksessa sijaitsevasta [&hellip;]\" \/>\n<meta property=\"og:url\" content=\"https:\/\/vanha.cafeherttakemi.com\/en\/putiikkihotelli-kemi-1932\/sininen-hetki-huone\/\" \/>\n<meta property=\"og:site_name\" content=\"Kemin Asemanpuisto\" \/>\n<meta property=\"article:modified_time\" content=\"2025-03-12T06:21:45+00:00\" \/>\n<meta name=\"twitter:card\" content=\"summary_large_image\" \/>\n<meta name=\"twitter:label1\" content=\"Estimated reading time\" \/>\n\t<meta name=\"twitter:data1\" content=\"1 minute\" \/>\n<script type=\"application\/ld+json\" class=\"yoast-schema-graph\">{\"@context\":\"https:\/\/schema.org\",\"@graph\":[{\"@type\":\"WebPage\",\"@id\":\"https:\/\/vanha.cafeherttakemi.com\/putiikkihotelli-kemi-1932\/sininen-hetki-huone\/\",\"url\":\"https:\/\/vanha.cafeherttakemi.com\/putiikkihotelli-kemi-1932\/sininen-hetki-huone\/\",\"name\":\"Sininen hetki - Kemin Asemanpuisto\",\"isPartOf\":{\"@id\":\"https:\/\/vanha.cafeherttakemi.com\/#website\"},\"datePublished\":\"2019-09-11T12:17:28+00:00\",\"dateModified\":\"2025-03-12T06:21:45+00:00\",\"breadcrumb\":{\"@id\":\"https:\/\/vanha.cafeherttakemi.com\/putiikkihotelli-kemi-1932\/sininen-hetki-huone\/#breadcrumb\"},\"inLanguage\":\"en-GB\",\"potentialAction\":[{\"@type\":\"ReadAction\",\"target\":[\"https:\/\/vanha.cafeherttakemi.com\/putiikkihotelli-kemi-1932\/sininen-hetki-huone\/\"]}]},{\"@type\":\"BreadcrumbList\",\"@id\":\"https:\/\/vanha.cafeherttakemi.com\/putiikkihotelli-kemi-1932\/sininen-hetki-huone\/#breadcrumb\",\"itemListElement\":[{\"@type\":\"ListItem\",\"position\":1,\"name\":\"Home\",\"item\":\"https:\/\/vanha.cafeherttakemi.com\/\"},{\"@type\":\"ListItem\",\"position\":2,\"name\":\"Putiikkihotelli Kemi 1932\",\"item\":\"https:\/\/vanha.cafeherttakemi.com\/putiikkihotelli-kemi-1932\/\"},{\"@type\":\"ListItem\",\"position\":3,\"name\":\"Sininen hetki\"}]},{\"@type\":\"WebSite\",\"@id\":\"https:\/\/vanha.cafeherttakemi.com\/#website\",\"url\":\"https:\/\/vanha.cafeherttakemi.com\/\",\"name\":\"Kemin Asemanpuisto\",\"description\":\"Hotelli ja kahvila keskell&auml; Kemi&auml;\",\"publisher\":{\"@id\":\"https:\/\/vanha.cafeherttakemi.com\/#organization\"},\"potentialAction\":[{\"@type\":\"SearchAction\",\"target\":{\"@type\":\"EntryPoint\",\"urlTemplate\":\"https:\/\/vanha.cafeherttakemi.com\/?s={search_term_string}\"},\"query-input\":{\"@type\":\"PropertyValueSpecification\",\"valueRequired\":true,\"valueName\":\"search_term_string\"}}],\"inLanguage\":\"en-GB\"},{\"@type\":\"Organization\",\"@id\":\"https:\/\/vanha.cafeherttakemi.com\/#organization\",\"name\":\"Kemin Asemanpuisto Oy\",\"url\":\"https:\/\/vanha.cafeherttakemi.com\/\",\"logo\":{\"@type\":\"ImageObject\",\"inLanguage\":\"en-GB\",\"@id\":\"https:\/\/vanha.cafeherttakemi.com\/#\/schema\/logo\/image\/\",\"url\":\"http:\/\/vanha.cafeherttakemi.com\/wp-content\/uploads\/2019\/09\/Kemin-asemanpuisto_logo_badge2.png\",\"contentUrl\":\"http:\/\/vanha.cafeherttakemi.com\/wp-content\/uploads\/2019\/09\/Kemin-asemanpuisto_logo_badge2.png\",\"width\":1772,\"height\":1772,\"caption\":\"Kemin Asemanpuisto Oy\"},\"image\":{\"@id\":\"https:\/\/vanha.cafeherttakemi.com\/#\/schema\/logo\/image\/\"}}]}<\/script>\n<!-- \/ Yoast SEO plugin. -->","yoast_head_json":{"title":"Blue Moment - Kemi Station Park","robots":{"index":"index","follow":"follow","max-snippet":"max-snippet:-1","max-image-preview":"max-image-preview:large","max-video-preview":"max-video-preview:-1"},"canonical":"https:\/\/vanha.cafeherttakemi.com\/en\/putiikkihotelli-kemi-1932\/sininen-hetki-huone\/","og_locale":"en_GB","og_type":"article","og_title":"Sininen hetki - Kemin Asemanpuisto","og_description":"Sininen hetki Pohjoisessa, kaamoksen aikaan kun valon m\u00e4\u00e4r\u00e4 on p\u00e4ivisin v\u00e4h\u00e4isimmill\u00e4\u00e4n, voi pakkasp\u00e4iv\u00e4n\u00e4 kokea t\u00e4ydellisen sinisen hetken kun kaikki ymp\u00e4rill\u00e4 taittuu sinisen eri s\u00e4vyihin. Huone numero 2, Sininen hetki on nimens\u00e4 mukaisesti saanut inspiraation sisustukseen t\u00e4st\u00e4 kauniista valoilmi\u00f6st\u00e4. Nelj\u00e4 jaettua lukitettavaa wc- sek\u00e4 kylpyhuonetilaa viiden muun huoneen kanssa. Jokainen tiloista k\u00e4ytett\u00e4viss\u00e4 privaatisti. Toisessa kerroksessa sijaitsevasta [&hellip;]","og_url":"https:\/\/vanha.cafeherttakemi.com\/en\/putiikkihotelli-kemi-1932\/sininen-hetki-huone\/","og_site_name":"Kemin Asemanpuisto","article_modified_time":"2025-03-12T06:21:45+00:00","twitter_card":"summary_large_image","twitter_misc":{"Estimated reading time":"1 minute"},"schema":{"@context":"https:\/\/schema.org","@graph":[{"@type":"WebPage","@id":"https:\/\/vanha.cafeherttakemi.com\/putiikkihotelli-kemi-1932\/sininen-hetki-huone\/","url":"https:\/\/vanha.cafeherttakemi.com\/putiikkihotelli-kemi-1932\/sininen-hetki-huone\/","name":"Blue Moment - Kemi Station Park","isPartOf":{"@id":"https:\/\/vanha.cafeherttakemi.com\/#website"},"datePublished":"2019-09-11T12:17:28+00:00","dateModified":"2025-03-12T06:21:45+00:00","breadcrumb":{"@id":"https:\/\/vanha.cafeherttakemi.com\/putiikkihotelli-kemi-1932\/sininen-hetki-huone\/#breadcrumb"},"inLanguage":"en-GB","potentialAction":[{"@type":"ReadAction","target":["https:\/\/vanha.cafeherttakemi.com\/putiikkihotelli-kemi-1932\/sininen-hetki-huone\/"]}]},{"@type":"BreadcrumbList","@id":"https:\/\/vanha.cafeherttakemi.com\/putiikkihotelli-kemi-1932\/sininen-hetki-huone\/#breadcrumb","itemListElement":[{"@type":"ListItem","position":1,"name":"Home","item":"https:\/\/vanha.cafeherttakemi.com\/"},{"@type":"ListItem","position":2,"name":"Putiikkihotelli Kemi 1932","item":"https:\/\/vanha.cafeherttakemi.com\/putiikkihotelli-kemi-1932\/"},{"@type":"ListItem","position":3,"name":"Sininen hetki"}]},{"@type":"WebSite","@id":"https:\/\/vanha.cafeherttakemi.com\/#website","url":"https:\/\/vanha.cafeherttakemi.com\/","name":"Kemi Station Park","description":"Hotel and caf\u00e9 in the centre of Kemi","publisher":{"@id":"https:\/\/vanha.cafeherttakemi.com\/#organization"},"potentialAction":[{"@type":"SearchAction","target":{"@type":"EntryPoint","urlTemplate":"https:\/\/vanha.cafeherttakemi.com\/?s={search_term_string}"},"query-input":{"@type":"PropertyValueSpecification","valueRequired":true,"valueName":"search_term_string"}}],"inLanguage":"en-GB"},{"@type":"Organization","@id":"https:\/\/vanha.cafeherttakemi.com\/#organization","name":"Kemi Asemanpuisto Oy","url":"https:\/\/vanha.cafeherttakemi.com\/","logo":{"@type":"ImageObject","inLanguage":"en-GB","@id":"https:\/\/vanha.cafeherttakemi.com\/#\/schema\/logo\/image\/","url":"http:\/\/vanha.cafeherttakemi.com\/wp-content\/uploads\/2019\/09\/Kemin-asemanpuisto_logo_badge2.png","contentUrl":"http:\/\/vanha.cafeherttakemi.com\/wp-content\/uploads\/2019\/09\/Kemin-asemanpuisto_logo_badge2.png","width":1772,"height":1772,"caption":"Kemin Asemanpuisto Oy"},"image":{"@id":"https:\/\/vanha.cafeherttakemi.com\/#\/schema\/logo\/image\/"}}]}},"_links":{"self":[{"href":"https:\/\/vanha.cafeherttakemi.com\/en\/wp-json\/wp\/v2\/pages\/827","targetHints":{"allow":["GET"]}}],"collection":[{"href":"https:\/\/vanha.cafeherttakemi.com\/en\/wp-json\/wp\/v2\/pages"}],"about":[{"href":"https:\/\/vanha.cafeherttakemi.com\/en\/wp-json\/wp\/v2\/types\/page"}],"author":[{"embeddable":true,"href":"https:\/\/vanha.cafeherttakemi.com\/en\/wp-json\/wp\/v2\/users\/1"}],"replies":[{"embeddable":true,"href":"https:\/\/vanha.cafeherttakemi.com\/en\/wp-json\/wp\/v2\/comments?post=827"}],"version-history":[{"count":32,"href":"https:\/\/vanha.cafeherttakemi.com\/en\/wp-json\/wp\/v2\/pages\/827\/revisions"}],"predecessor-version":[{"id":4238,"href":"https:\/\/vanha.cafeherttakemi.com\/en\/wp-json\/wp\/v2\/pages\/827\/revisions\/4238"}],"up":[{"embeddable":true,"href":"https:\/\/vanha.cafeherttakemi.com\/en\/wp-json\/wp\/v2\/pages\/803"}],"wp:attachment":[{"href":"https:\/\/vanha.cafeherttakemi.com\/en\/wp-json\/wp\/v2\/media?parent=827"}],"curies":[{"name":"wp","href":"https:\/\/api.w.org\/{rel}","templated":true}]}}