{"id":846,"date":"2019-09-11T13:00:44","date_gmt":"2019-09-11T13:00:44","guid":{"rendered":"http:\/\/www.nuotiotesti.com\/hotsku\/?page_id=846"},"modified":"2025-03-12T06:23:02","modified_gmt":"2025-03-12T06:23:02","slug":"metsaketo","status":"publish","type":"page","link":"https:\/\/vanha.cafeherttakemi.com\/en\/putiikkihotelli-kemi-1932\/metsaketo\/","title":{"rendered":"Forest floor"},"content":{"rendered":"<div data-elementor-type=\"wp-page\" data-elementor-id=\"846\" class=\"elementor elementor-846\" data-elementor-post-type=\"page\">\n\t\t\t\t\t\t<section class=\"elementor-section elementor-top-section elementor-element elementor-element-1316176 elementor-section-boxed elementor-section-height-default elementor-section-height-default\" data-id=\"1316176\" data-element_type=\"section\" data-e-type=\"section\">\n\t\t\t\t\t\t<div class=\"elementor-container elementor-column-gap-default\">\n\t\t\t\t\t<div class=\"elementor-column elementor-col-100 elementor-top-column elementor-element elementor-element-281dfbf\" data-id=\"281dfbf\" data-element_type=\"column\" data-e-type=\"column\">\n\t\t\t<div class=\"elementor-widget-wrap\">\n\t\t\t\t\t\t\t<\/div>\n\t\t<\/div>\n\t\t\t\t\t<\/div>\n\t\t<\/section>\n\t\t\t\t<section class=\"elementor-section elementor-top-section elementor-element elementor-element-6583870 elementor-section-boxed elementor-section-height-default elementor-section-height-default\" data-id=\"6583870\" data-element_type=\"section\" data-e-type=\"section\" data-settings=\"{&quot;background_background&quot;:&quot;classic&quot;}\">\n\t\t\t\t\t\t<div class=\"elementor-container elementor-column-gap-default\">\n\t\t\t\t\t<div class=\"elementor-column elementor-col-100 elementor-top-column elementor-element elementor-element-8b96852\" data-id=\"8b96852\" data-element_type=\"column\" data-e-type=\"column\">\n\t\t\t<div class=\"elementor-widget-wrap elementor-element-populated\">\n\t\t\t\t\t\t<div class=\"elementor-element elementor-element-891fa31 elementor-widget elementor-widget-spacer\" data-id=\"891fa31\" data-element_type=\"widget\" data-e-type=\"widget\" data-widget_type=\"spacer.default\">\n\t\t\t\t<div class=\"elementor-widget-container\">\n\t\t\t\t\t\t\t<div class=\"elementor-spacer\">\n\t\t\t<div class=\"elementor-spacer-inner\"><\/div>\n\t\t<\/div>\n\t\t\t\t\t\t<\/div>\n\t\t\t\t<\/div>\n\t\t\t\t\t<\/div>\n\t\t<\/div>\n\t\t\t\t\t<\/div>\n\t\t<\/section>\n\t\t\t\t<section class=\"elementor-section elementor-top-section elementor-element elementor-element-7bccb7d elementor-section-boxed elementor-section-height-default elementor-section-height-default\" data-id=\"7bccb7d\" data-element_type=\"section\" data-e-type=\"section\">\n\t\t\t\t\t\t<div class=\"elementor-container elementor-column-gap-default\">\n\t\t\t\t\t<div class=\"elementor-column elementor-col-50 elementor-top-column elementor-element elementor-element-298d583\" data-id=\"298d583\" data-element_type=\"column\" data-e-type=\"column\">\n\t\t\t<div class=\"elementor-widget-wrap elementor-element-populated\">\n\t\t\t\t\t\t<div class=\"elementor-element elementor-element-ccce2ca elementor-widget elementor-widget-html\" data-id=\"ccce2ca\" data-element_type=\"widget\" data-e-type=\"widget\" data-widget_type=\"html.default\">\n\t\t\t\t<div class=\"elementor-widget-container\">\n\t\t\t\t\t<!-- BEGIN Moder Booking Widget -->\r\n<div id=\"moder-embed\"><\/div>\r\n<script>\r\n    var ModerSettings = {\r\n        property: 'putiikkihotelli-kemi-1932'\r\n    }\r\n<\/script>\r\n<script src=\"https:\/\/moder-embeds-dev.s3.eu-north-1.amazonaws.com\/bundle.js\" defer><\/script>\r\n<!-- END Moder Booking Widget -->\t\t\t\t<\/div>\n\t\t\t\t<\/div>\n\t\t\t\t<div class=\"elementor-element elementor-element-a2471de elementor-widget elementor-widget-heading\" data-id=\"a2471de\" data-element_type=\"widget\" data-e-type=\"widget\" data-widget_type=\"heading.default\">\n\t\t\t\t<div class=\"elementor-widget-container\">\n\t\t\t\t\t<h2 class=\"elementor-heading-title elementor-size-default\">Forest floor<\/h2>\t\t\t\t<\/div>\n\t\t\t\t<\/div>\n\t\t\t\t<div class=\"elementor-element elementor-element-613f21d elementor-widget elementor-widget-text-editor\" data-id=\"613f21d\" data-element_type=\"widget\" data-e-type=\"widget\" data-widget_type=\"text-editor.default\">\n\t\t\t\t<div class=\"elementor-widget-container\">\n\t\t\t\t\t\t\t\t\t<p>Imagine walking along the paths of a wild mixed forest on a summer's day. You arrive at a field in the middle of the forest where the sun's heat packs in and makes everything feel like summer. Birds chirp, butterflies dance around you and the smell of summer wafts through your nostrils.\u00a0<\/p><p>The room is inspired by the beautiful Finnish coniferous and deciduous forest. It's a great place to take a breather, and being in the forest has been proven to lower blood pressure, relieve stress, increase resistance and relieve allergies!<\/p>\t\t\t\t\t\t\t\t<\/div>\n\t\t\t\t<\/div>\n\t\t\t\t<div class=\"elementor-element elementor-element-567d672 elementor-widget elementor-widget-text-editor\" data-id=\"567d672\" data-element_type=\"widget\" data-e-type=\"widget\" data-widget_type=\"text-editor.default\">\n\t\t\t\t<div class=\"elementor-widget-container\">\n\t\t\t\t\t\t\t\t\t<p>The 18-square-metre room is equipped with two single beds, an armchair, a work desk and bench, as well as an LED TV and a Chromecast media player to stream media content, pictures and games directly from your smart device or computer.<\/p><p>Four shared lockable toilets and bathrooms with five other rooms. Each of the facilities is available for private use.<\/p><p>The room on the second floor overlooks the railway yard and the railway yard park.<\/p>\t\t\t\t\t\t\t\t<\/div>\n\t\t\t\t<\/div>\n\t\t\t\t\t<\/div>\n\t\t<\/div>\n\t\t\t\t<div class=\"elementor-column elementor-col-50 elementor-top-column elementor-element elementor-element-33b7b80\" data-id=\"33b7b80\" data-element_type=\"column\" data-e-type=\"column\" data-settings=\"{&quot;background_background&quot;:&quot;classic&quot;}\">\n\t\t\t<div class=\"elementor-widget-wrap elementor-element-populated\">\n\t\t\t\t\t\t<div class=\"elementor-element elementor-element-a3dc4e4 elementor-widget elementor-widget-image-box\" data-id=\"a3dc4e4\" data-element_type=\"widget\" data-e-type=\"widget\" data-widget_type=\"image-box.default\">\n\t\t\t\t<div class=\"elementor-widget-container\">\n\t\t\t\t\t<div class=\"elementor-image-box-wrapper\"><div class=\"elementor-image-box-content\"><h3 class=\"elementor-image-box-title\">Boutique hotel Kemi 1932<\/h3><p class=\"elementor-image-box-description\">Rautatiekatu 1, 94100 Kemi, Finland<\/p><\/div><\/div>\t\t\t\t<\/div>\n\t\t\t\t<\/div>\n\t\t\t\t<div class=\"elementor-element elementor-element-26ec1c6 elementor-widget elementor-widget-text-editor\" data-id=\"26ec1c6\" data-element_type=\"widget\" data-e-type=\"widget\" data-widget_type=\"text-editor.default\">\n\t\t\t\t<div class=\"elementor-widget-container\">\n\t\t\t\t\t\t\t\t\t<p>18 m\u00b2<\/p><p>Equipment:<br \/>Two single beds, LED TV<\/p><p>Price: <br \/>1 person 119\u20ac \/ night\u00a0<br \/>2 persons 129\u20ac \/ night<\/p><p>Price includes breakfast<\/p><p>Reservations and enquiries:<br \/><a href=\"tel:&quot;358405910980&quot;\">+358 40 591 0980<\/a> or <a href=\"mailto:&quot;info@putiikkihotellikemi.com&quot;\">info(at)boutique-hotel-liquor.com<\/a><\/p>\t\t\t\t\t\t\t\t<\/div>\n\t\t\t\t<\/div>\n\t\t\t\t\t<\/div>\n\t\t<\/div>\n\t\t\t\t\t<\/div>\n\t\t<\/section>\n\t\t\t\t<section class=\"elementor-section elementor-top-section elementor-element elementor-element-83c1bf6 elementor-section-boxed elementor-section-height-default elementor-section-height-default\" data-id=\"83c1bf6\" data-element_type=\"section\" data-e-type=\"section\">\n\t\t\t\t\t\t<div class=\"elementor-container elementor-column-gap-default\">\n\t\t\t\t\t<div class=\"elementor-column elementor-col-100 elementor-top-column elementor-element elementor-element-b18c76d\" data-id=\"b18c76d\" data-element_type=\"column\" data-e-type=\"column\">\n\t\t\t<div class=\"elementor-widget-wrap elementor-element-populated\">\n\t\t\t\t\t\t<div class=\"elementor-element elementor-element-a0ec402 elementor-widget elementor-widget-gallery\" data-id=\"a0ec402\" data-element_type=\"widget\" data-e-type=\"widget\" data-settings=\"{&quot;lazyload&quot;:&quot;yes&quot;,&quot;gallery_layout&quot;:&quot;grid&quot;,&quot;columns&quot;:4,&quot;columns_tablet&quot;:2,&quot;columns_mobile&quot;:1,&quot;gap&quot;:{&quot;unit&quot;:&quot;px&quot;,&quot;size&quot;:10,&quot;sizes&quot;:[]},&quot;gap_tablet&quot;:{&quot;unit&quot;:&quot;px&quot;,&quot;size&quot;:10,&quot;sizes&quot;:[]},&quot;gap_mobile&quot;:{&quot;unit&quot;:&quot;px&quot;,&quot;size&quot;:10,&quot;sizes&quot;:[]},&quot;link_to&quot;:&quot;file&quot;,&quot;aspect_ratio&quot;:&quot;3:2&quot;,&quot;overlay_background&quot;:&quot;yes&quot;,&quot;content_hover_animation&quot;:&quot;fade-in&quot;}\" data-widget_type=\"gallery.default\">\n\t\t\t\t<div class=\"elementor-widget-container\">\n\t\t\t\t\t\t\t<div class=\"elementor-gallery__container\">\n\t\t\t\t\t\t\t<a class=\"e-gallery-item elementor-gallery-item elementor-animated-content\" href=\"https:\/\/vanha.cafeherttakemi.com\/wp-content\/uploads\/2018\/02\/Mets\u00e4keto-1.jpg\" data-elementor-open-lightbox=\"yes\" data-elementor-lightbox-slideshow=\"a0ec402\" data-elementor-lightbox-title=\"Mets\u00e4keto 1\" data-e-action-hash=\"#elementor-action%3Aaction%3Dlightbox%26settings%3DeyJpZCI6Mjk0LCJ1cmwiOiJodHRwczpcL1wvdmFuaGEuY2FmZWhlcnR0YWtlbWkuY29tXC93cC1jb250ZW50XC91cGxvYWRzXC8yMDE4XC8wMlwvTWV0c1x1MDBlNGtldG8tMS5qcGciLCJzbGlkZXNob3ciOiJhMGVjNDAyIn0%3D\">\n\t\t\t\t\t<div class=\"e-gallery-image elementor-gallery-item__image\" data-thumbnail=\"https:\/\/vanha.cafeherttakemi.com\/wp-content\/uploads\/2018\/02\/Mets\u00e4keto-1-300x203.jpg\" data-width=\"300\" data-height=\"203\" aria-label=\"\" role=\"img\" ><\/div>\n\t\t\t\t\t\t\t\t\t\t\t<div class=\"elementor-gallery-item__overlay\"><\/div>\n\t\t\t\t\t\t\t\t\t\t\t\t\t\t<\/a>\n\t\t\t\t\t\t\t<a class=\"e-gallery-item elementor-gallery-item elementor-animated-content\" href=\"https:\/\/vanha.cafeherttakemi.com\/wp-content\/uploads\/2018\/02\/Mets\u00e4keto-2.jpg\" data-elementor-open-lightbox=\"yes\" data-elementor-lightbox-slideshow=\"a0ec402\" data-elementor-lightbox-title=\"Mets\u00e4keto 2\" data-e-action-hash=\"#elementor-action%3Aaction%3Dlightbox%26settings%3DeyJpZCI6Mjk1LCJ1cmwiOiJodHRwczpcL1wvdmFuaGEuY2FmZWhlcnR0YWtlbWkuY29tXC93cC1jb250ZW50XC91cGxvYWRzXC8yMDE4XC8wMlwvTWV0c1x1MDBlNGtldG8tMi5qcGciLCJzbGlkZXNob3ciOiJhMGVjNDAyIn0%3D\">\n\t\t\t\t\t<div class=\"e-gallery-image elementor-gallery-item__image\" data-thumbnail=\"https:\/\/vanha.cafeherttakemi.com\/wp-content\/uploads\/2018\/02\/Mets\u00e4keto-2-300x193.jpg\" data-width=\"300\" data-height=\"193\" aria-label=\"\" role=\"img\" ><\/div>\n\t\t\t\t\t\t\t\t\t\t\t<div class=\"elementor-gallery-item__overlay\"><\/div>\n\t\t\t\t\t\t\t\t\t\t\t\t\t\t<\/a>\n\t\t\t\t\t\t\t<a class=\"e-gallery-item elementor-gallery-item elementor-animated-content\" href=\"https:\/\/vanha.cafeherttakemi.com\/wp-content\/uploads\/2018\/02\/Mets\u00e4keto-3.jpg\" data-elementor-open-lightbox=\"yes\" data-elementor-lightbox-slideshow=\"a0ec402\" data-elementor-lightbox-title=\"Mets\u00e4keto 3\" data-e-action-hash=\"#elementor-action%3Aaction%3Dlightbox%26settings%3DeyJpZCI6Mjk2LCJ1cmwiOiJodHRwczpcL1wvdmFuaGEuY2FmZWhlcnR0YWtlbWkuY29tXC93cC1jb250ZW50XC91cGxvYWRzXC8yMDE4XC8wMlwvTWV0c1x1MDBlNGtldG8tMy5qcGciLCJzbGlkZXNob3ciOiJhMGVjNDAyIn0%3D\">\n\t\t\t\t\t<div class=\"e-gallery-image elementor-gallery-item__image\" data-thumbnail=\"https:\/\/vanha.cafeherttakemi.com\/wp-content\/uploads\/2018\/02\/Mets\u00e4keto-3-300x200.jpg\" data-width=\"300\" data-height=\"200\" aria-label=\"\" role=\"img\" ><\/div>\n\t\t\t\t\t\t\t\t\t\t\t<div class=\"elementor-gallery-item__overlay\"><\/div>\n\t\t\t\t\t\t\t\t\t\t\t\t\t\t<\/a>\n\t\t\t\t\t\t\t<a class=\"e-gallery-item elementor-gallery-item elementor-animated-content\" href=\"https:\/\/vanha.cafeherttakemi.com\/wp-content\/uploads\/2018\/02\/Mets\u00e4keto-4.jpg\" data-elementor-open-lightbox=\"yes\" data-elementor-lightbox-slideshow=\"a0ec402\" data-elementor-lightbox-title=\"Mets\u00e4keto 4\" data-e-action-hash=\"#elementor-action%3Aaction%3Dlightbox%26settings%3DeyJpZCI6Mjk3LCJ1cmwiOiJodHRwczpcL1wvdmFuaGEuY2FmZWhlcnR0YWtlbWkuY29tXC93cC1jb250ZW50XC91cGxvYWRzXC8yMDE4XC8wMlwvTWV0c1x1MDBlNGtldG8tNC5qcGciLCJzbGlkZXNob3ciOiJhMGVjNDAyIn0%3D\">\n\t\t\t\t\t<div class=\"e-gallery-image elementor-gallery-item__image\" data-thumbnail=\"https:\/\/vanha.cafeherttakemi.com\/wp-content\/uploads\/2018\/02\/Mets\u00e4keto-4-300x209.jpg\" data-width=\"300\" data-height=\"209\" aria-label=\"\" role=\"img\" ><\/div>\n\t\t\t\t\t\t\t\t\t\t\t<div class=\"elementor-gallery-item__overlay\"><\/div>\n\t\t\t\t\t\t\t\t\t\t\t\t\t\t<\/a>\n\t\t\t\t\t\t\t<a class=\"e-gallery-item elementor-gallery-item elementor-animated-content\" href=\"https:\/\/vanha.cafeherttakemi.com\/wp-content\/uploads\/2018\/02\/Mets\u00e4keto-5.jpg\" data-elementor-open-lightbox=\"yes\" data-elementor-lightbox-slideshow=\"a0ec402\" data-elementor-lightbox-title=\"Mets\u00e4keto 5\" data-e-action-hash=\"#elementor-action%3Aaction%3Dlightbox%26settings%3DeyJpZCI6Mjk4LCJ1cmwiOiJodHRwczpcL1wvdmFuaGEuY2FmZWhlcnR0YWtlbWkuY29tXC93cC1jb250ZW50XC91cGxvYWRzXC8yMDE4XC8wMlwvTWV0c1x1MDBlNGtldG8tNS5qcGciLCJzbGlkZXNob3ciOiJhMGVjNDAyIn0%3D\">\n\t\t\t\t\t<div class=\"e-gallery-image elementor-gallery-item__image\" data-thumbnail=\"https:\/\/vanha.cafeherttakemi.com\/wp-content\/uploads\/2018\/02\/Mets\u00e4keto-5-300x227.jpg\" data-width=\"300\" data-height=\"227\" aria-label=\"\" role=\"img\" ><\/div>\n\t\t\t\t\t\t\t\t\t\t\t<div class=\"elementor-gallery-item__overlay\"><\/div>\n\t\t\t\t\t\t\t\t\t\t\t\t\t\t<\/a>\n\t\t\t\t\t\t\t<a class=\"e-gallery-item elementor-gallery-item elementor-animated-content\" href=\"https:\/\/vanha.cafeherttakemi.com\/wp-content\/uploads\/2018\/02\/Mets\u00e4keto-6.jpg\" data-elementor-open-lightbox=\"yes\" data-elementor-lightbox-slideshow=\"a0ec402\" data-elementor-lightbox-title=\"Mets\u00e4keto 6\" data-e-action-hash=\"#elementor-action%3Aaction%3Dlightbox%26settings%3DeyJpZCI6Mjk5LCJ1cmwiOiJodHRwczpcL1wvdmFuaGEuY2FmZWhlcnR0YWtlbWkuY29tXC93cC1jb250ZW50XC91cGxvYWRzXC8yMDE4XC8wMlwvTWV0c1x1MDBlNGtldG8tNi5qcGciLCJzbGlkZXNob3ciOiJhMGVjNDAyIn0%3D\">\n\t\t\t\t\t<div class=\"e-gallery-image elementor-gallery-item__image\" data-thumbnail=\"https:\/\/vanha.cafeherttakemi.com\/wp-content\/uploads\/2018\/02\/Mets\u00e4keto-6-200x300.jpg\" data-width=\"200\" data-height=\"300\" aria-label=\"\" role=\"img\" ><\/div>\n\t\t\t\t\t\t\t\t\t\t\t<div class=\"elementor-gallery-item__overlay\"><\/div>\n\t\t\t\t\t\t\t\t\t\t\t\t\t\t<\/a>\n\t\t\t\t\t<\/div>\n\t\t\t\t\t<\/div>\n\t\t\t\t<\/div>\n\t\t\t\t\t<\/div>\n\t\t<\/div>\n\t\t\t\t\t<\/div>\n\t\t<\/section>\n\t\t\t\t<\/div>","protected":false},"excerpt":{"rendered":"<p>Mets\u00e4keto Kuvittele kulkevasi utuisen sekamets\u00e4n polkuja kes\u00e4isen\u00e4 p\u00e4iv\u00e4n\u00e4. Saavut mets\u00e4n keskelle avautuvalle kedolle jonne auringon l\u00e4mp\u00f6 pakkautuu ja saa kaiken huokumaan kes\u00e4ist\u00e4 kuumuutta. Linnut visert\u00e4v\u00e4t, perhoset liit\u00e4v\u00e4t ymp\u00e4rill\u00e4si kaunista tanssia ja nen\u00e4\u00e4si leijuu kes\u00e4n tuoksu.\u00a0 Huoneen sisustukseen on haettu inspiraatiota kauniista suomalaisesta havu- ja lehtimets\u00e4st\u00e4. T\u00e4\u00e4ll\u00e4 on hyv\u00e4 heng\u00e4ht\u00e4\u00e4, mets\u00e4ss\u00e4 samoilun on tutkitusti todistettu laskevan [&hellip;]<\/p>\n","protected":false},"author":1,"featured_media":0,"parent":803,"menu_order":0,"comment_status":"closed","ping_status":"closed","template":"","meta":{"footnotes":""},"class_list":["post-846","page","type-page","status-publish","hentry"],"yoast_head":"<!-- This site is optimized with the Yoast SEO plugin v26.8 - https:\/\/yoast.com\/product\/yoast-seo-wordpress\/ -->\n<title>Mets\u00e4keto - Kemin Asemanpuisto<\/title>\n<meta name=\"robots\" content=\"index, follow, max-snippet:-1, max-image-preview:large, max-video-preview:-1\" \/>\n<link rel=\"canonical\" href=\"https:\/\/vanha.cafeherttakemi.com\/en\/putiikkihotelli-kemi-1932\/metsaketo\/\" \/>\n<meta property=\"og:locale\" content=\"en_GB\" \/>\n<meta property=\"og:type\" content=\"article\" \/>\n<meta property=\"og:title\" content=\"Mets\u00e4keto - Kemin Asemanpuisto\" \/>\n<meta property=\"og:description\" content=\"Mets\u00e4keto Kuvittele kulkevasi utuisen sekamets\u00e4n polkuja kes\u00e4isen\u00e4 p\u00e4iv\u00e4n\u00e4. Saavut mets\u00e4n keskelle avautuvalle kedolle jonne auringon l\u00e4mp\u00f6 pakkautuu ja saa kaiken huokumaan kes\u00e4ist\u00e4 kuumuutta. Linnut visert\u00e4v\u00e4t, perhoset liit\u00e4v\u00e4t ymp\u00e4rill\u00e4si kaunista tanssia ja nen\u00e4\u00e4si leijuu kes\u00e4n tuoksu.\u00a0 Huoneen sisustukseen on haettu inspiraatiota kauniista suomalaisesta havu- ja lehtimets\u00e4st\u00e4. T\u00e4\u00e4ll\u00e4 on hyv\u00e4 heng\u00e4ht\u00e4\u00e4, mets\u00e4ss\u00e4 samoilun on tutkitusti todistettu laskevan [&hellip;]\" \/>\n<meta property=\"og:url\" content=\"https:\/\/vanha.cafeherttakemi.com\/en\/putiikkihotelli-kemi-1932\/metsaketo\/\" \/>\n<meta property=\"og:site_name\" content=\"Kemin Asemanpuisto\" \/>\n<meta property=\"article:modified_time\" content=\"2025-03-12T06:23:02+00:00\" \/>\n<meta name=\"twitter:card\" content=\"summary_large_image\" \/>\n<meta name=\"twitter:label1\" content=\"Estimated reading time\" \/>\n\t<meta name=\"twitter:data1\" content=\"1 minute\" \/>\n<script type=\"application\/ld+json\" class=\"yoast-schema-graph\">{\"@context\":\"https:\/\/schema.org\",\"@graph\":[{\"@type\":\"WebPage\",\"@id\":\"https:\/\/vanha.cafeherttakemi.com\/putiikkihotelli-kemi-1932\/metsaketo\/\",\"url\":\"https:\/\/vanha.cafeherttakemi.com\/putiikkihotelli-kemi-1932\/metsaketo\/\",\"name\":\"Mets\u00e4keto - Kemin Asemanpuisto\",\"isPartOf\":{\"@id\":\"https:\/\/vanha.cafeherttakemi.com\/#website\"},\"datePublished\":\"2019-09-11T13:00:44+00:00\",\"dateModified\":\"2025-03-12T06:23:02+00:00\",\"breadcrumb\":{\"@id\":\"https:\/\/vanha.cafeherttakemi.com\/putiikkihotelli-kemi-1932\/metsaketo\/#breadcrumb\"},\"inLanguage\":\"en-GB\",\"potentialAction\":[{\"@type\":\"ReadAction\",\"target\":[\"https:\/\/vanha.cafeherttakemi.com\/putiikkihotelli-kemi-1932\/metsaketo\/\"]}]},{\"@type\":\"BreadcrumbList\",\"@id\":\"https:\/\/vanha.cafeherttakemi.com\/putiikkihotelli-kemi-1932\/metsaketo\/#breadcrumb\",\"itemListElement\":[{\"@type\":\"ListItem\",\"position\":1,\"name\":\"Home\",\"item\":\"https:\/\/vanha.cafeherttakemi.com\/\"},{\"@type\":\"ListItem\",\"position\":2,\"name\":\"Putiikkihotelli Kemi 1932\",\"item\":\"https:\/\/vanha.cafeherttakemi.com\/putiikkihotelli-kemi-1932\/\"},{\"@type\":\"ListItem\",\"position\":3,\"name\":\"Mets\u00e4keto\"}]},{\"@type\":\"WebSite\",\"@id\":\"https:\/\/vanha.cafeherttakemi.com\/#website\",\"url\":\"https:\/\/vanha.cafeherttakemi.com\/\",\"name\":\"Kemin Asemanpuisto\",\"description\":\"Hotelli ja kahvila keskell&auml; Kemi&auml;\",\"publisher\":{\"@id\":\"https:\/\/vanha.cafeherttakemi.com\/#organization\"},\"potentialAction\":[{\"@type\":\"SearchAction\",\"target\":{\"@type\":\"EntryPoint\",\"urlTemplate\":\"https:\/\/vanha.cafeherttakemi.com\/?s={search_term_string}\"},\"query-input\":{\"@type\":\"PropertyValueSpecification\",\"valueRequired\":true,\"valueName\":\"search_term_string\"}}],\"inLanguage\":\"en-GB\"},{\"@type\":\"Organization\",\"@id\":\"https:\/\/vanha.cafeherttakemi.com\/#organization\",\"name\":\"Kemin Asemanpuisto Oy\",\"url\":\"https:\/\/vanha.cafeherttakemi.com\/\",\"logo\":{\"@type\":\"ImageObject\",\"inLanguage\":\"en-GB\",\"@id\":\"https:\/\/vanha.cafeherttakemi.com\/#\/schema\/logo\/image\/\",\"url\":\"http:\/\/vanha.cafeherttakemi.com\/wp-content\/uploads\/2019\/09\/Kemin-asemanpuisto_logo_badge2.png\",\"contentUrl\":\"http:\/\/vanha.cafeherttakemi.com\/wp-content\/uploads\/2019\/09\/Kemin-asemanpuisto_logo_badge2.png\",\"width\":1772,\"height\":1772,\"caption\":\"Kemin Asemanpuisto Oy\"},\"image\":{\"@id\":\"https:\/\/vanha.cafeherttakemi.com\/#\/schema\/logo\/image\/\"}}]}<\/script>\n<!-- \/ Yoast SEO plugin. -->","yoast_head_json":{"title":"Mets\u00e4keto - Kemi Station Park","robots":{"index":"index","follow":"follow","max-snippet":"max-snippet:-1","max-image-preview":"max-image-preview:large","max-video-preview":"max-video-preview:-1"},"canonical":"https:\/\/vanha.cafeherttakemi.com\/en\/putiikkihotelli-kemi-1932\/metsaketo\/","og_locale":"en_GB","og_type":"article","og_title":"Mets\u00e4keto - Kemin Asemanpuisto","og_description":"Mets\u00e4keto Kuvittele kulkevasi utuisen sekamets\u00e4n polkuja kes\u00e4isen\u00e4 p\u00e4iv\u00e4n\u00e4. Saavut mets\u00e4n keskelle avautuvalle kedolle jonne auringon l\u00e4mp\u00f6 pakkautuu ja saa kaiken huokumaan kes\u00e4ist\u00e4 kuumuutta. Linnut visert\u00e4v\u00e4t, perhoset liit\u00e4v\u00e4t ymp\u00e4rill\u00e4si kaunista tanssia ja nen\u00e4\u00e4si leijuu kes\u00e4n tuoksu.\u00a0 Huoneen sisustukseen on haettu inspiraatiota kauniista suomalaisesta havu- ja lehtimets\u00e4st\u00e4. T\u00e4\u00e4ll\u00e4 on hyv\u00e4 heng\u00e4ht\u00e4\u00e4, mets\u00e4ss\u00e4 samoilun on tutkitusti todistettu laskevan [&hellip;]","og_url":"https:\/\/vanha.cafeherttakemi.com\/en\/putiikkihotelli-kemi-1932\/metsaketo\/","og_site_name":"Kemin Asemanpuisto","article_modified_time":"2025-03-12T06:23:02+00:00","twitter_card":"summary_large_image","twitter_misc":{"Estimated reading time":"1 minute"},"schema":{"@context":"https:\/\/schema.org","@graph":[{"@type":"WebPage","@id":"https:\/\/vanha.cafeherttakemi.com\/putiikkihotelli-kemi-1932\/metsaketo\/","url":"https:\/\/vanha.cafeherttakemi.com\/putiikkihotelli-kemi-1932\/metsaketo\/","name":"Mets\u00e4keto - Kemi Station Park","isPartOf":{"@id":"https:\/\/vanha.cafeherttakemi.com\/#website"},"datePublished":"2019-09-11T13:00:44+00:00","dateModified":"2025-03-12T06:23:02+00:00","breadcrumb":{"@id":"https:\/\/vanha.cafeherttakemi.com\/putiikkihotelli-kemi-1932\/metsaketo\/#breadcrumb"},"inLanguage":"en-GB","potentialAction":[{"@type":"ReadAction","target":["https:\/\/vanha.cafeherttakemi.com\/putiikkihotelli-kemi-1932\/metsaketo\/"]}]},{"@type":"BreadcrumbList","@id":"https:\/\/vanha.cafeherttakemi.com\/putiikkihotelli-kemi-1932\/metsaketo\/#breadcrumb","itemListElement":[{"@type":"ListItem","position":1,"name":"Home","item":"https:\/\/vanha.cafeherttakemi.com\/"},{"@type":"ListItem","position":2,"name":"Putiikkihotelli Kemi 1932","item":"https:\/\/vanha.cafeherttakemi.com\/putiikkihotelli-kemi-1932\/"},{"@type":"ListItem","position":3,"name":"Mets\u00e4keto"}]},{"@type":"WebSite","@id":"https:\/\/vanha.cafeherttakemi.com\/#website","url":"https:\/\/vanha.cafeherttakemi.com\/","name":"Kemi Station Park","description":"Hotel and caf\u00e9 in the centre of Kemi","publisher":{"@id":"https:\/\/vanha.cafeherttakemi.com\/#organization"},"potentialAction":[{"@type":"SearchAction","target":{"@type":"EntryPoint","urlTemplate":"https:\/\/vanha.cafeherttakemi.com\/?s={search_term_string}"},"query-input":{"@type":"PropertyValueSpecification","valueRequired":true,"valueName":"search_term_string"}}],"inLanguage":"en-GB"},{"@type":"Organization","@id":"https:\/\/vanha.cafeherttakemi.com\/#organization","name":"Kemi Asemanpuisto Oy","url":"https:\/\/vanha.cafeherttakemi.com\/","logo":{"@type":"ImageObject","inLanguage":"en-GB","@id":"https:\/\/vanha.cafeherttakemi.com\/#\/schema\/logo\/image\/","url":"http:\/\/vanha.cafeherttakemi.com\/wp-content\/uploads\/2019\/09\/Kemin-asemanpuisto_logo_badge2.png","contentUrl":"http:\/\/vanha.cafeherttakemi.com\/wp-content\/uploads\/2019\/09\/Kemin-asemanpuisto_logo_badge2.png","width":1772,"height":1772,"caption":"Kemin Asemanpuisto Oy"},"image":{"@id":"https:\/\/vanha.cafeherttakemi.com\/#\/schema\/logo\/image\/"}}]}},"_links":{"self":[{"href":"https:\/\/vanha.cafeherttakemi.com\/en\/wp-json\/wp\/v2\/pages\/846","targetHints":{"allow":["GET"]}}],"collection":[{"href":"https:\/\/vanha.cafeherttakemi.com\/en\/wp-json\/wp\/v2\/pages"}],"about":[{"href":"https:\/\/vanha.cafeherttakemi.com\/en\/wp-json\/wp\/v2\/types\/page"}],"author":[{"embeddable":true,"href":"https:\/\/vanha.cafeherttakemi.com\/en\/wp-json\/wp\/v2\/users\/1"}],"replies":[{"embeddable":true,"href":"https:\/\/vanha.cafeherttakemi.com\/en\/wp-json\/wp\/v2\/comments?post=846"}],"version-history":[{"count":17,"href":"https:\/\/vanha.cafeherttakemi.com\/en\/wp-json\/wp\/v2\/pages\/846\/revisions"}],"predecessor-version":[{"id":4244,"href":"https:\/\/vanha.cafeherttakemi.com\/en\/wp-json\/wp\/v2\/pages\/846\/revisions\/4244"}],"up":[{"embeddable":true,"href":"https:\/\/vanha.cafeherttakemi.com\/en\/wp-json\/wp\/v2\/pages\/803"}],"wp:attachment":[{"href":"https:\/\/vanha.cafeherttakemi.com\/en\/wp-json\/wp\/v2\/media?parent=846"}],"curies":[{"name":"wp","href":"https:\/\/api.w.org\/{rel}","templated":true}]}}