{"id":849,"date":"2019-09-11T13:03:48","date_gmt":"2019-09-11T13:03:48","guid":{"rendered":"http:\/\/www.nuotiotesti.com\/hotsku\/?page_id=849"},"modified":"2025-03-12T06:23:35","modified_gmt":"2025-03-12T06:23:35","slug":"paivauni","status":"publish","type":"page","link":"https:\/\/vanha.cafeherttakemi.com\/en\/putiikkihotelli-kemi-1932\/paivauni\/","title":{"rendered":"Daydream"},"content":{"rendered":"<div data-elementor-type=\"wp-page\" data-elementor-id=\"849\" class=\"elementor elementor-849\" data-elementor-post-type=\"page\">\n\t\t\t\t\t\t<section class=\"elementor-section elementor-top-section elementor-element elementor-element-1316176 elementor-section-boxed elementor-section-height-default elementor-section-height-default\" data-id=\"1316176\" data-element_type=\"section\" data-e-type=\"section\">\n\t\t\t\t\t\t<div class=\"elementor-container elementor-column-gap-default\">\n\t\t\t\t\t<div class=\"elementor-column elementor-col-100 elementor-top-column elementor-element elementor-element-281dfbf\" data-id=\"281dfbf\" data-element_type=\"column\" data-e-type=\"column\">\n\t\t\t<div class=\"elementor-widget-wrap\">\n\t\t\t\t\t\t\t<\/div>\n\t\t<\/div>\n\t\t\t\t\t<\/div>\n\t\t<\/section>\n\t\t\t\t<section class=\"elementor-section elementor-top-section elementor-element elementor-element-8daab30 elementor-section-boxed elementor-section-height-default elementor-section-height-default\" data-id=\"8daab30\" data-element_type=\"section\" data-e-type=\"section\" data-settings=\"{&quot;background_background&quot;:&quot;classic&quot;}\">\n\t\t\t\t\t\t<div class=\"elementor-container elementor-column-gap-default\">\n\t\t\t\t\t<div class=\"elementor-column elementor-col-100 elementor-top-column elementor-element elementor-element-e769061\" data-id=\"e769061\" data-element_type=\"column\" data-e-type=\"column\">\n\t\t\t<div class=\"elementor-widget-wrap elementor-element-populated\">\n\t\t\t\t\t\t<div class=\"elementor-element elementor-element-eac8870 elementor-widget elementor-widget-spacer\" data-id=\"eac8870\" data-element_type=\"widget\" data-e-type=\"widget\" data-widget_type=\"spacer.default\">\n\t\t\t\t<div class=\"elementor-widget-container\">\n\t\t\t\t\t\t\t<div class=\"elementor-spacer\">\n\t\t\t<div class=\"elementor-spacer-inner\"><\/div>\n\t\t<\/div>\n\t\t\t\t\t\t<\/div>\n\t\t\t\t<\/div>\n\t\t\t\t\t<\/div>\n\t\t<\/div>\n\t\t\t\t\t<\/div>\n\t\t<\/section>\n\t\t\t\t<section class=\"elementor-section elementor-top-section elementor-element elementor-element-82b2edd elementor-section-boxed elementor-section-height-default elementor-section-height-default\" data-id=\"82b2edd\" data-element_type=\"section\" data-e-type=\"section\">\n\t\t\t\t\t\t<div class=\"elementor-container elementor-column-gap-default\">\n\t\t\t\t\t<div class=\"elementor-column elementor-col-50 elementor-top-column elementor-element elementor-element-7839e4c\" data-id=\"7839e4c\" data-element_type=\"column\" data-e-type=\"column\">\n\t\t\t<div class=\"elementor-widget-wrap elementor-element-populated\">\n\t\t\t\t\t\t<div class=\"elementor-element elementor-element-9d27c47 elementor-widget elementor-widget-html\" data-id=\"9d27c47\" data-element_type=\"widget\" data-e-type=\"widget\" data-widget_type=\"html.default\">\n\t\t\t\t<div class=\"elementor-widget-container\">\n\t\t\t\t\t<!-- BEGIN Moder Booking Widget -->\r\n<div id=\"moder-embed\"><\/div>\r\n<script>\r\n    var ModerSettings = {\r\n        property: 'putiikkihotelli-kemi-1932'\r\n    }\r\n<\/script>\r\n<script src=\"https:\/\/moder-embeds-dev.s3.eu-north-1.amazonaws.com\/bundle.js\" defer><\/script>\r\n<!-- END Moder Booking Widget -->\t\t\t\t<\/div>\n\t\t\t\t<\/div>\n\t\t\t\t<div class=\"elementor-element elementor-element-66b5913 elementor-widget elementor-widget-heading\" data-id=\"66b5913\" data-element_type=\"widget\" data-e-type=\"widget\" data-widget_type=\"heading.default\">\n\t\t\t\t<div class=\"elementor-widget-container\">\n\t\t\t\t\t<h2 class=\"elementor-heading-title elementor-size-default\">Daydream<\/h2>\t\t\t\t<\/div>\n\t\t\t\t<\/div>\n\t\t\t\t<div class=\"elementor-element elementor-element-53dd2c9 elementor-widget elementor-widget-text-editor\" data-id=\"53dd2c9\" data-element_type=\"widget\" data-e-type=\"widget\" data-widget_type=\"text-editor.default\">\n\t\t\t\t<div class=\"elementor-widget-container\">\n\t\t\t\t\t\t\t\t\t<p>PutiikkiHotelli Kemi 1932's most charming room is definitely the room named after the colour scheme of the room. \"Daydream\" gently invites you in, gently wraps you in its arms and lulls you to sleep.<\/p><p>Taking light naps has been shown to boost performance, reduce stress and clear thoughts. The heart is also said to thank you for a light nap. So you can't say no! This is the room where you're allowed to rest.<\/p>\t\t\t\t\t\t\t\t<\/div>\n\t\t\t\t<\/div>\n\t\t\t\t<div class=\"elementor-element elementor-element-948ab14 elementor-widget elementor-widget-text-editor\" data-id=\"948ab14\" data-element_type=\"widget\" data-e-type=\"widget\" data-widget_type=\"text-editor.default\">\n\t\t\t\t<div class=\"elementor-widget-container\">\n\t\t\t\t\t\t\t\t\t<p><span style=\"color: var( --e-global-color-text ); font-family: var( --e-global-typography-text-font-family ), Sans-serif; font-size: var( --e-global-typography-text-font-size );\">Four shared lockable toilets and bathrooms with five other rooms. Each of the facilities is available for private use.<\/span><\/p><p>The room on the second floor overlooks the railway yard and the railway yard park.<\/p>\t\t\t\t\t\t\t\t<\/div>\n\t\t\t\t<\/div>\n\t\t\t\t\t<\/div>\n\t\t<\/div>\n\t\t\t\t<div class=\"elementor-column elementor-col-50 elementor-top-column elementor-element elementor-element-3229bde\" data-id=\"3229bde\" data-element_type=\"column\" data-e-type=\"column\" data-settings=\"{&quot;background_background&quot;:&quot;classic&quot;}\">\n\t\t\t<div class=\"elementor-widget-wrap elementor-element-populated\">\n\t\t\t\t\t\t<div class=\"elementor-element elementor-element-8ab1588 elementor-widget elementor-widget-image-box\" data-id=\"8ab1588\" data-element_type=\"widget\" data-e-type=\"widget\" data-widget_type=\"image-box.default\">\n\t\t\t\t<div class=\"elementor-widget-container\">\n\t\t\t\t\t<div class=\"elementor-image-box-wrapper\"><div class=\"elementor-image-box-content\"><h3 class=\"elementor-image-box-title\">Boutique hotel Kemi 1932<\/h3><p class=\"elementor-image-box-description\">Rautatiekatu 1, 94100 Kemi, Finland<\/p><\/div><\/div>\t\t\t\t<\/div>\n\t\t\t\t<\/div>\n\t\t\t\t<div class=\"elementor-element elementor-element-d25eff4 elementor-widget elementor-widget-text-editor\" data-id=\"d25eff4\" data-element_type=\"widget\" data-e-type=\"widget\" data-widget_type=\"text-editor.default\">\n\t\t\t\t<div class=\"elementor-widget-container\">\n\t\t\t\t\t\t\t\t\t<p>14,9 m\u00b2<\/p><p>Equipment:<br \/>Two single beds, LED TV<\/p><p>Price: <br \/>1 person 119\u20ac \/ night\u00a0<br \/>2 persons 129\u20ac \/ night<\/p><p>Price includes breakfast<\/p><p>Reservations and enquiries:<br \/><a href=\"tel:&quot;358405910980&quot;\">+358 40 591 0980<\/a> or <a href=\"mailto:&quot;info@putiikkihotellikemi.com&quot;\">info(at)boutique-hotel-liquor.com<\/a><\/p>\t\t\t\t\t\t\t\t<\/div>\n\t\t\t\t<\/div>\n\t\t\t\t\t<\/div>\n\t\t<\/div>\n\t\t\t\t\t<\/div>\n\t\t<\/section>\n\t\t\t\t<section class=\"elementor-section elementor-top-section elementor-element elementor-element-89bfdf5 elementor-section-boxed elementor-section-height-default elementor-section-height-default\" data-id=\"89bfdf5\" data-element_type=\"section\" data-e-type=\"section\">\n\t\t\t\t\t\t<div class=\"elementor-container elementor-column-gap-default\">\n\t\t\t\t\t<div class=\"elementor-column elementor-col-100 elementor-top-column elementor-element elementor-element-b8e748e\" data-id=\"b8e748e\" data-element_type=\"column\" data-e-type=\"column\">\n\t\t\t<div class=\"elementor-widget-wrap elementor-element-populated\">\n\t\t\t\t\t\t<div class=\"elementor-element elementor-element-6b30bcb elementor-widget elementor-widget-gallery\" data-id=\"6b30bcb\" data-element_type=\"widget\" data-e-type=\"widget\" data-settings=\"{&quot;lazyload&quot;:&quot;yes&quot;,&quot;gallery_layout&quot;:&quot;grid&quot;,&quot;columns&quot;:4,&quot;columns_tablet&quot;:2,&quot;columns_mobile&quot;:1,&quot;gap&quot;:{&quot;unit&quot;:&quot;px&quot;,&quot;size&quot;:10,&quot;sizes&quot;:[]},&quot;gap_tablet&quot;:{&quot;unit&quot;:&quot;px&quot;,&quot;size&quot;:10,&quot;sizes&quot;:[]},&quot;gap_mobile&quot;:{&quot;unit&quot;:&quot;px&quot;,&quot;size&quot;:10,&quot;sizes&quot;:[]},&quot;link_to&quot;:&quot;file&quot;,&quot;aspect_ratio&quot;:&quot;3:2&quot;,&quot;overlay_background&quot;:&quot;yes&quot;,&quot;content_hover_animation&quot;:&quot;fade-in&quot;}\" data-widget_type=\"gallery.default\">\n\t\t\t\t<div class=\"elementor-widget-container\">\n\t\t\t\t\t\t\t<div class=\"elementor-gallery__container\">\n\t\t\t\t\t\t\t<a class=\"e-gallery-item elementor-gallery-item elementor-animated-content\" href=\"https:\/\/vanha.cafeherttakemi.com\/wp-content\/uploads\/2018\/03\/DSC_0914.jpg\" data-elementor-open-lightbox=\"yes\" data-elementor-lightbox-slideshow=\"6b30bcb\" data-elementor-lightbox-title=\"P\u00e4iv\u00e4uni6\" data-e-action-hash=\"#elementor-action%3Aaction%3Dlightbox%26settings%3DeyJpZCI6MzQ0LCJ1cmwiOiJodHRwczpcL1wvdmFuaGEuY2FmZWhlcnR0YWtlbWkuY29tXC93cC1jb250ZW50XC91cGxvYWRzXC8yMDE4XC8wM1wvRFNDXzA5MTQuanBnIiwic2xpZGVzaG93IjoiNmIzMGJjYiJ9\">\n\t\t\t\t\t<div class=\"e-gallery-image elementor-gallery-item__image\" data-thumbnail=\"https:\/\/vanha.cafeherttakemi.com\/wp-content\/uploads\/2018\/03\/DSC_0914-213x300.jpg\" data-width=\"213\" data-height=\"300\" aria-label=\"\" role=\"img\" ><\/div>\n\t\t\t\t\t\t\t\t\t\t\t<div class=\"elementor-gallery-item__overlay\"><\/div>\n\t\t\t\t\t\t\t\t\t\t\t\t\t\t<\/a>\n\t\t\t\t\t\t\t<a class=\"e-gallery-item elementor-gallery-item elementor-animated-content\" href=\"https:\/\/vanha.cafeherttakemi.com\/wp-content\/uploads\/2018\/03\/DSC_0911.jpg\" data-elementor-open-lightbox=\"yes\" data-elementor-lightbox-slideshow=\"6b30bcb\" data-elementor-lightbox-title=\"P\u00e4iv\u00e4uni5\" data-e-action-hash=\"#elementor-action%3Aaction%3Dlightbox%26settings%3DeyJpZCI6MzQzLCJ1cmwiOiJodHRwczpcL1wvdmFuaGEuY2FmZWhlcnR0YWtlbWkuY29tXC93cC1jb250ZW50XC91cGxvYWRzXC8yMDE4XC8wM1wvRFNDXzA5MTEuanBnIiwic2xpZGVzaG93IjoiNmIzMGJjYiJ9\">\n\t\t\t\t\t<div class=\"e-gallery-image elementor-gallery-item__image\" data-thumbnail=\"https:\/\/vanha.cafeherttakemi.com\/wp-content\/uploads\/2018\/03\/DSC_0911-300x199.jpg\" data-width=\"300\" data-height=\"199\" aria-label=\"\" role=\"img\" ><\/div>\n\t\t\t\t\t\t\t\t\t\t\t<div class=\"elementor-gallery-item__overlay\"><\/div>\n\t\t\t\t\t\t\t\t\t\t\t\t\t\t<\/a>\n\t\t\t\t\t\t\t<a class=\"e-gallery-item elementor-gallery-item elementor-animated-content\" href=\"https:\/\/vanha.cafeherttakemi.com\/wp-content\/uploads\/2018\/03\/DSC_0891.jpg\" data-elementor-open-lightbox=\"yes\" data-elementor-lightbox-slideshow=\"6b30bcb\" data-elementor-lightbox-title=\"P\u00e4iv\u00e4uni4\" data-e-action-hash=\"#elementor-action%3Aaction%3Dlightbox%26settings%3DeyJpZCI6MzQyLCJ1cmwiOiJodHRwczpcL1wvdmFuaGEuY2FmZWhlcnR0YWtlbWkuY29tXC93cC1jb250ZW50XC91cGxvYWRzXC8yMDE4XC8wM1wvRFNDXzA4OTEuanBnIiwic2xpZGVzaG93IjoiNmIzMGJjYiJ9\">\n\t\t\t\t\t<div class=\"e-gallery-image elementor-gallery-item__image\" data-thumbnail=\"https:\/\/vanha.cafeherttakemi.com\/wp-content\/uploads\/2018\/03\/DSC_0891-245x300.jpg\" data-width=\"245\" data-height=\"300\" aria-label=\"\" role=\"img\" ><\/div>\n\t\t\t\t\t\t\t\t\t\t\t<div class=\"elementor-gallery-item__overlay\"><\/div>\n\t\t\t\t\t\t\t\t\t\t\t\t\t\t<\/a>\n\t\t\t\t\t\t\t<a class=\"e-gallery-item elementor-gallery-item elementor-animated-content\" href=\"https:\/\/vanha.cafeherttakemi.com\/wp-content\/uploads\/2018\/03\/DSC_0886.jpg\" data-elementor-open-lightbox=\"yes\" data-elementor-lightbox-slideshow=\"6b30bcb\" data-elementor-lightbox-title=\"P\u00e4iv\u00e4uni3\" data-e-action-hash=\"#elementor-action%3Aaction%3Dlightbox%26settings%3DeyJpZCI6MzQxLCJ1cmwiOiJodHRwczpcL1wvdmFuaGEuY2FmZWhlcnR0YWtlbWkuY29tXC93cC1jb250ZW50XC91cGxvYWRzXC8yMDE4XC8wM1wvRFNDXzA4ODYuanBnIiwic2xpZGVzaG93IjoiNmIzMGJjYiJ9\">\n\t\t\t\t\t<div class=\"e-gallery-image elementor-gallery-item__image\" data-thumbnail=\"https:\/\/vanha.cafeherttakemi.com\/wp-content\/uploads\/2018\/03\/DSC_0886-215x300.jpg\" data-width=\"215\" data-height=\"300\" aria-label=\"\" role=\"img\" ><\/div>\n\t\t\t\t\t\t\t\t\t\t\t<div class=\"elementor-gallery-item__overlay\"><\/div>\n\t\t\t\t\t\t\t\t\t\t\t\t\t\t<\/a>\n\t\t\t\t\t\t\t<a class=\"e-gallery-item elementor-gallery-item elementor-animated-content\" href=\"https:\/\/vanha.cafeherttakemi.com\/wp-content\/uploads\/2018\/03\/DSC_0863.jpg\" data-elementor-open-lightbox=\"yes\" data-elementor-lightbox-slideshow=\"6b30bcb\" data-elementor-lightbox-title=\"P\u00e4iv\u00e4uni2\" data-e-action-hash=\"#elementor-action%3Aaction%3Dlightbox%26settings%3DeyJpZCI6MzQwLCJ1cmwiOiJodHRwczpcL1wvdmFuaGEuY2FmZWhlcnR0YWtlbWkuY29tXC93cC1jb250ZW50XC91cGxvYWRzXC8yMDE4XC8wM1wvRFNDXzA4NjMuanBnIiwic2xpZGVzaG93IjoiNmIzMGJjYiJ9\">\n\t\t\t\t\t<div class=\"e-gallery-image elementor-gallery-item__image\" data-thumbnail=\"https:\/\/vanha.cafeherttakemi.com\/wp-content\/uploads\/2018\/03\/DSC_0863-300x257.jpg\" data-width=\"300\" data-height=\"257\" aria-label=\"\" role=\"img\" ><\/div>\n\t\t\t\t\t\t\t\t\t\t\t<div class=\"elementor-gallery-item__overlay\"><\/div>\n\t\t\t\t\t\t\t\t\t\t\t\t\t\t<\/a>\n\t\t\t\t\t\t\t<a class=\"e-gallery-item elementor-gallery-item elementor-animated-content\" href=\"https:\/\/vanha.cafeherttakemi.com\/wp-content\/uploads\/2018\/03\/DSC_0854.jpg\" data-elementor-open-lightbox=\"yes\" data-elementor-lightbox-slideshow=\"6b30bcb\" data-elementor-lightbox-title=\"P\u00e4iv\u00e4uni1\" data-e-action-hash=\"#elementor-action%3Aaction%3Dlightbox%26settings%3DeyJpZCI6MzM5LCJ1cmwiOiJodHRwczpcL1wvdmFuaGEuY2FmZWhlcnR0YWtlbWkuY29tXC93cC1jb250ZW50XC91cGxvYWRzXC8yMDE4XC8wM1wvRFNDXzA4NTQuanBnIiwic2xpZGVzaG93IjoiNmIzMGJjYiJ9\">\n\t\t\t\t\t<div class=\"e-gallery-image elementor-gallery-item__image\" data-thumbnail=\"https:\/\/vanha.cafeherttakemi.com\/wp-content\/uploads\/2018\/03\/DSC_0854-300x200.jpg\" data-width=\"300\" data-height=\"200\" aria-label=\"\" role=\"img\" ><\/div>\n\t\t\t\t\t\t\t\t\t\t\t<div class=\"elementor-gallery-item__overlay\"><\/div>\n\t\t\t\t\t\t\t\t\t\t\t\t\t\t<\/a>\n\t\t\t\t\t<\/div>\n\t\t\t\t\t<\/div>\n\t\t\t\t<\/div>\n\t\t\t\t\t<\/div>\n\t\t<\/div>\n\t\t\t\t\t<\/div>\n\t\t<\/section>\n\t\t\t\t<\/div>","protected":false},"excerpt":{"rendered":"<p>P\u00e4iv\u00e4uni PutiikkiHotelli Kemi 1932 huoneista hempein on takuulla huone joka on saanut nimens\u00e4 huoneen v\u00e4rimaailman mukaan. \u201cP\u00e4iv\u00e4uni\u201d kutsuu sinut lempe\u00e4sti luokseen, kietoo hell\u00e4\u00e4n huomaansa ja tuudittaa uneen. Kevyiden p\u00e4iv\u00e4unien otto nostavat tutkimusten mukaan suoritustasoa, v\u00e4hent\u00e4v\u00e4t stressi\u00e4 ja kirkastavat ajatukset. My\u00f6s syd\u00e4men on sanottu kiitt\u00e4v\u00e4n kevyist\u00e4 p\u00e4iv\u00e4unista. Ei voi siis kielt\u00e4yty\u00e4! T\u00e4ss\u00e4 huoneessa saat luvan lev\u00e4t\u00e4. [&hellip;]<\/p>\n","protected":false},"author":1,"featured_media":0,"parent":803,"menu_order":0,"comment_status":"closed","ping_status":"closed","template":"","meta":{"footnotes":""},"class_list":["post-849","page","type-page","status-publish","hentry"],"yoast_head":"<!-- This site is optimized with the Yoast SEO plugin v26.8 - https:\/\/yoast.com\/product\/yoast-seo-wordpress\/ -->\n<title>P\u00e4iv\u00e4uni - Kemin Asemanpuisto<\/title>\n<meta name=\"robots\" content=\"index, follow, max-snippet:-1, max-image-preview:large, max-video-preview:-1\" \/>\n<link rel=\"canonical\" href=\"https:\/\/vanha.cafeherttakemi.com\/en\/putiikkihotelli-kemi-1932\/paivauni\/\" \/>\n<meta property=\"og:locale\" content=\"en_GB\" \/>\n<meta property=\"og:type\" content=\"article\" \/>\n<meta property=\"og:title\" content=\"P\u00e4iv\u00e4uni - Kemin Asemanpuisto\" \/>\n<meta property=\"og:description\" content=\"P\u00e4iv\u00e4uni PutiikkiHotelli Kemi 1932 huoneista hempein on takuulla huone joka on saanut nimens\u00e4 huoneen v\u00e4rimaailman mukaan. \u201cP\u00e4iv\u00e4uni\u201d kutsuu sinut lempe\u00e4sti luokseen, kietoo hell\u00e4\u00e4n huomaansa ja tuudittaa uneen. Kevyiden p\u00e4iv\u00e4unien otto nostavat tutkimusten mukaan suoritustasoa, v\u00e4hent\u00e4v\u00e4t stressi\u00e4 ja kirkastavat ajatukset. My\u00f6s syd\u00e4men on sanottu kiitt\u00e4v\u00e4n kevyist\u00e4 p\u00e4iv\u00e4unista. Ei voi siis kielt\u00e4yty\u00e4! T\u00e4ss\u00e4 huoneessa saat luvan lev\u00e4t\u00e4. [&hellip;]\" \/>\n<meta property=\"og:url\" content=\"https:\/\/vanha.cafeherttakemi.com\/en\/putiikkihotelli-kemi-1932\/paivauni\/\" \/>\n<meta property=\"og:site_name\" content=\"Kemin Asemanpuisto\" \/>\n<meta property=\"article:modified_time\" content=\"2025-03-12T06:23:35+00:00\" \/>\n<meta name=\"twitter:card\" content=\"summary_large_image\" \/>\n<meta name=\"twitter:label1\" content=\"Estimated reading time\" \/>\n\t<meta name=\"twitter:data1\" content=\"2 minutes\" \/>\n<script type=\"application\/ld+json\" class=\"yoast-schema-graph\">{\"@context\":\"https:\/\/schema.org\",\"@graph\":[{\"@type\":\"WebPage\",\"@id\":\"https:\/\/vanha.cafeherttakemi.com\/putiikkihotelli-kemi-1932\/paivauni\/\",\"url\":\"https:\/\/vanha.cafeherttakemi.com\/putiikkihotelli-kemi-1932\/paivauni\/\",\"name\":\"P\u00e4iv\u00e4uni - Kemin Asemanpuisto\",\"isPartOf\":{\"@id\":\"https:\/\/vanha.cafeherttakemi.com\/#website\"},\"datePublished\":\"2019-09-11T13:03:48+00:00\",\"dateModified\":\"2025-03-12T06:23:35+00:00\",\"breadcrumb\":{\"@id\":\"https:\/\/vanha.cafeherttakemi.com\/putiikkihotelli-kemi-1932\/paivauni\/#breadcrumb\"},\"inLanguage\":\"en-GB\",\"potentialAction\":[{\"@type\":\"ReadAction\",\"target\":[\"https:\/\/vanha.cafeherttakemi.com\/putiikkihotelli-kemi-1932\/paivauni\/\"]}]},{\"@type\":\"BreadcrumbList\",\"@id\":\"https:\/\/vanha.cafeherttakemi.com\/putiikkihotelli-kemi-1932\/paivauni\/#breadcrumb\",\"itemListElement\":[{\"@type\":\"ListItem\",\"position\":1,\"name\":\"Home\",\"item\":\"https:\/\/vanha.cafeherttakemi.com\/\"},{\"@type\":\"ListItem\",\"position\":2,\"name\":\"Putiikkihotelli Kemi 1932\",\"item\":\"https:\/\/vanha.cafeherttakemi.com\/putiikkihotelli-kemi-1932\/\"},{\"@type\":\"ListItem\",\"position\":3,\"name\":\"P\u00e4iv\u00e4uni\"}]},{\"@type\":\"WebSite\",\"@id\":\"https:\/\/vanha.cafeherttakemi.com\/#website\",\"url\":\"https:\/\/vanha.cafeherttakemi.com\/\",\"name\":\"Kemin Asemanpuisto\",\"description\":\"Hotelli ja kahvila keskell&auml; Kemi&auml;\",\"publisher\":{\"@id\":\"https:\/\/vanha.cafeherttakemi.com\/#organization\"},\"potentialAction\":[{\"@type\":\"SearchAction\",\"target\":{\"@type\":\"EntryPoint\",\"urlTemplate\":\"https:\/\/vanha.cafeherttakemi.com\/?s={search_term_string}\"},\"query-input\":{\"@type\":\"PropertyValueSpecification\",\"valueRequired\":true,\"valueName\":\"search_term_string\"}}],\"inLanguage\":\"en-GB\"},{\"@type\":\"Organization\",\"@id\":\"https:\/\/vanha.cafeherttakemi.com\/#organization\",\"name\":\"Kemin Asemanpuisto Oy\",\"url\":\"https:\/\/vanha.cafeherttakemi.com\/\",\"logo\":{\"@type\":\"ImageObject\",\"inLanguage\":\"en-GB\",\"@id\":\"https:\/\/vanha.cafeherttakemi.com\/#\/schema\/logo\/image\/\",\"url\":\"http:\/\/vanha.cafeherttakemi.com\/wp-content\/uploads\/2019\/09\/Kemin-asemanpuisto_logo_badge2.png\",\"contentUrl\":\"http:\/\/vanha.cafeherttakemi.com\/wp-content\/uploads\/2019\/09\/Kemin-asemanpuisto_logo_badge2.png\",\"width\":1772,\"height\":1772,\"caption\":\"Kemin Asemanpuisto Oy\"},\"image\":{\"@id\":\"https:\/\/vanha.cafeherttakemi.com\/#\/schema\/logo\/image\/\"}}]}<\/script>\n<!-- \/ Yoast SEO plugin. -->","yoast_head_json":{"title":"Daydream - Kemi Station Park","robots":{"index":"index","follow":"follow","max-snippet":"max-snippet:-1","max-image-preview":"max-image-preview:large","max-video-preview":"max-video-preview:-1"},"canonical":"https:\/\/vanha.cafeherttakemi.com\/en\/putiikkihotelli-kemi-1932\/paivauni\/","og_locale":"en_GB","og_type":"article","og_title":"P\u00e4iv\u00e4uni - Kemin Asemanpuisto","og_description":"P\u00e4iv\u00e4uni PutiikkiHotelli Kemi 1932 huoneista hempein on takuulla huone joka on saanut nimens\u00e4 huoneen v\u00e4rimaailman mukaan. \u201cP\u00e4iv\u00e4uni\u201d kutsuu sinut lempe\u00e4sti luokseen, kietoo hell\u00e4\u00e4n huomaansa ja tuudittaa uneen. Kevyiden p\u00e4iv\u00e4unien otto nostavat tutkimusten mukaan suoritustasoa, v\u00e4hent\u00e4v\u00e4t stressi\u00e4 ja kirkastavat ajatukset. My\u00f6s syd\u00e4men on sanottu kiitt\u00e4v\u00e4n kevyist\u00e4 p\u00e4iv\u00e4unista. Ei voi siis kielt\u00e4yty\u00e4! T\u00e4ss\u00e4 huoneessa saat luvan lev\u00e4t\u00e4. [&hellip;]","og_url":"https:\/\/vanha.cafeherttakemi.com\/en\/putiikkihotelli-kemi-1932\/paivauni\/","og_site_name":"Kemin Asemanpuisto","article_modified_time":"2025-03-12T06:23:35+00:00","twitter_card":"summary_large_image","twitter_misc":{"Estimated reading time":"2 minutes"},"schema":{"@context":"https:\/\/schema.org","@graph":[{"@type":"WebPage","@id":"https:\/\/vanha.cafeherttakemi.com\/putiikkihotelli-kemi-1932\/paivauni\/","url":"https:\/\/vanha.cafeherttakemi.com\/putiikkihotelli-kemi-1932\/paivauni\/","name":"Daydream - Kemi Station Park","isPartOf":{"@id":"https:\/\/vanha.cafeherttakemi.com\/#website"},"datePublished":"2019-09-11T13:03:48+00:00","dateModified":"2025-03-12T06:23:35+00:00","breadcrumb":{"@id":"https:\/\/vanha.cafeherttakemi.com\/putiikkihotelli-kemi-1932\/paivauni\/#breadcrumb"},"inLanguage":"en-GB","potentialAction":[{"@type":"ReadAction","target":["https:\/\/vanha.cafeherttakemi.com\/putiikkihotelli-kemi-1932\/paivauni\/"]}]},{"@type":"BreadcrumbList","@id":"https:\/\/vanha.cafeherttakemi.com\/putiikkihotelli-kemi-1932\/paivauni\/#breadcrumb","itemListElement":[{"@type":"ListItem","position":1,"name":"Home","item":"https:\/\/vanha.cafeherttakemi.com\/"},{"@type":"ListItem","position":2,"name":"Putiikkihotelli Kemi 1932","item":"https:\/\/vanha.cafeherttakemi.com\/putiikkihotelli-kemi-1932\/"},{"@type":"ListItem","position":3,"name":"P\u00e4iv\u00e4uni"}]},{"@type":"WebSite","@id":"https:\/\/vanha.cafeherttakemi.com\/#website","url":"https:\/\/vanha.cafeherttakemi.com\/","name":"Kemi Station Park","description":"Hotel and caf\u00e9 in the centre of Kemi","publisher":{"@id":"https:\/\/vanha.cafeherttakemi.com\/#organization"},"potentialAction":[{"@type":"SearchAction","target":{"@type":"EntryPoint","urlTemplate":"https:\/\/vanha.cafeherttakemi.com\/?s={search_term_string}"},"query-input":{"@type":"PropertyValueSpecification","valueRequired":true,"valueName":"search_term_string"}}],"inLanguage":"en-GB"},{"@type":"Organization","@id":"https:\/\/vanha.cafeherttakemi.com\/#organization","name":"Kemi Asemanpuisto Oy","url":"https:\/\/vanha.cafeherttakemi.com\/","logo":{"@type":"ImageObject","inLanguage":"en-GB","@id":"https:\/\/vanha.cafeherttakemi.com\/#\/schema\/logo\/image\/","url":"http:\/\/vanha.cafeherttakemi.com\/wp-content\/uploads\/2019\/09\/Kemin-asemanpuisto_logo_badge2.png","contentUrl":"http:\/\/vanha.cafeherttakemi.com\/wp-content\/uploads\/2019\/09\/Kemin-asemanpuisto_logo_badge2.png","width":1772,"height":1772,"caption":"Kemin Asemanpuisto Oy"},"image":{"@id":"https:\/\/vanha.cafeherttakemi.com\/#\/schema\/logo\/image\/"}}]}},"_links":{"self":[{"href":"https:\/\/vanha.cafeherttakemi.com\/en\/wp-json\/wp\/v2\/pages\/849","targetHints":{"allow":["GET"]}}],"collection":[{"href":"https:\/\/vanha.cafeherttakemi.com\/en\/wp-json\/wp\/v2\/pages"}],"about":[{"href":"https:\/\/vanha.cafeherttakemi.com\/en\/wp-json\/wp\/v2\/types\/page"}],"author":[{"embeddable":true,"href":"https:\/\/vanha.cafeherttakemi.com\/en\/wp-json\/wp\/v2\/users\/1"}],"replies":[{"embeddable":true,"href":"https:\/\/vanha.cafeherttakemi.com\/en\/wp-json\/wp\/v2\/comments?post=849"}],"version-history":[{"count":17,"href":"https:\/\/vanha.cafeherttakemi.com\/en\/wp-json\/wp\/v2\/pages\/849\/revisions"}],"predecessor-version":[{"id":4247,"href":"https:\/\/vanha.cafeherttakemi.com\/en\/wp-json\/wp\/v2\/pages\/849\/revisions\/4247"}],"up":[{"embeddable":true,"href":"https:\/\/vanha.cafeherttakemi.com\/en\/wp-json\/wp\/v2\/pages\/803"}],"wp:attachment":[{"href":"https:\/\/vanha.cafeherttakemi.com\/en\/wp-json\/wp\/v2\/media?parent=849"}],"curies":[{"name":"wp","href":"https:\/\/api.w.org\/{rel}","templated":true}]}}