{"id":852,"date":"2019-09-11T13:08:37","date_gmt":"2019-09-11T13:08:37","guid":{"rendered":"http:\/\/www.nuotiotesti.com\/hotsku\/?page_id=852"},"modified":"2025-03-12T06:24:20","modified_gmt":"2025-03-12T06:24:20","slug":"ryhmahuone","status":"publish","type":"page","link":"https:\/\/vanha.cafeherttakemi.com\/en\/putiikkihotelli-kemi-1932\/ryhmahuone\/","title":{"rendered":"Group room"},"content":{"rendered":"<div data-elementor-type=\"wp-page\" data-elementor-id=\"852\" class=\"elementor elementor-852\" data-elementor-post-type=\"page\">\n\t\t\t\t\t\t<section class=\"elementor-section elementor-top-section elementor-element elementor-element-1316176 elementor-section-boxed elementor-section-height-default elementor-section-height-default\" data-id=\"1316176\" data-element_type=\"section\" data-e-type=\"section\">\n\t\t\t\t\t\t<div class=\"elementor-container elementor-column-gap-default\">\n\t\t\t\t\t<div class=\"elementor-column elementor-col-100 elementor-top-column elementor-element elementor-element-281dfbf\" data-id=\"281dfbf\" data-element_type=\"column\" data-e-type=\"column\">\n\t\t\t<div class=\"elementor-widget-wrap\">\n\t\t\t\t\t\t\t<\/div>\n\t\t<\/div>\n\t\t\t\t\t<\/div>\n\t\t<\/section>\n\t\t\t\t<section class=\"elementor-section elementor-top-section elementor-element elementor-element-03bc173 elementor-section-boxed elementor-section-height-default elementor-section-height-default\" data-id=\"03bc173\" data-element_type=\"section\" data-e-type=\"section\" data-settings=\"{&quot;background_background&quot;:&quot;classic&quot;}\">\n\t\t\t\t\t\t<div class=\"elementor-container elementor-column-gap-default\">\n\t\t\t\t\t<div class=\"elementor-column elementor-col-100 elementor-top-column elementor-element elementor-element-60ad582\" data-id=\"60ad582\" data-element_type=\"column\" data-e-type=\"column\">\n\t\t\t<div class=\"elementor-widget-wrap elementor-element-populated\">\n\t\t\t\t\t\t<div class=\"elementor-element elementor-element-13024ce elementor-widget elementor-widget-spacer\" data-id=\"13024ce\" data-element_type=\"widget\" data-e-type=\"widget\" data-widget_type=\"spacer.default\">\n\t\t\t\t<div class=\"elementor-widget-container\">\n\t\t\t\t\t\t\t<div class=\"elementor-spacer\">\n\t\t\t<div class=\"elementor-spacer-inner\"><\/div>\n\t\t<\/div>\n\t\t\t\t\t\t<\/div>\n\t\t\t\t<\/div>\n\t\t\t\t\t<\/div>\n\t\t<\/div>\n\t\t\t\t\t<\/div>\n\t\t<\/section>\n\t\t\t\t<section class=\"elementor-section elementor-top-section elementor-element elementor-element-d1891c5 elementor-section-boxed elementor-section-height-default elementor-section-height-default\" data-id=\"d1891c5\" data-element_type=\"section\" data-e-type=\"section\">\n\t\t\t\t\t\t<div class=\"elementor-container elementor-column-gap-default\">\n\t\t\t\t\t<div class=\"elementor-column elementor-col-50 elementor-top-column elementor-element elementor-element-4d68e2e\" data-id=\"4d68e2e\" data-element_type=\"column\" data-e-type=\"column\">\n\t\t\t<div class=\"elementor-widget-wrap elementor-element-populated\">\n\t\t\t\t\t\t<div class=\"elementor-element elementor-element-f68b114 elementor-widget elementor-widget-html\" data-id=\"f68b114\" data-element_type=\"widget\" data-e-type=\"widget\" data-widget_type=\"html.default\">\n\t\t\t\t<div class=\"elementor-widget-container\">\n\t\t\t\t\t<!-- BEGIN Moder Booking Widget -->\r\n<div id=\"moder-embed\"><\/div>\r\n<script>\r\n    var ModerSettings = {\r\n        property: 'putiikkihotelli-kemi-1932'\r\n    }\r\n<\/script>\r\n<script src=\"https:\/\/moder-embeds-dev.s3.eu-north-1.amazonaws.com\/bundle.js\" defer><\/script>\r\n<!-- END Moder Booking Widget -->\t\t\t\t<\/div>\n\t\t\t\t<\/div>\n\t\t\t\t<div class=\"elementor-element elementor-element-a682227 elementor-widget elementor-widget-heading\" data-id=\"a682227\" data-element_type=\"widget\" data-e-type=\"widget\" data-widget_type=\"heading.default\">\n\t\t\t\t<div class=\"elementor-widget-container\">\n\t\t\t\t\t<h2 class=\"elementor-heading-title elementor-size-default\">Group room<\/h2>\t\t\t\t<\/div>\n\t\t\t\t<\/div>\n\t\t\t\t<div class=\"elementor-element elementor-element-446b9b5 elementor-widget elementor-widget-text-editor\" data-id=\"446b9b5\" data-element_type=\"widget\" data-e-type=\"widget\" data-widget_type=\"text-editor.default\">\n\t\t\t\t<div class=\"elementor-widget-container\">\n\t\t\t\t\t\t\t\t\t<p>The largest room at PutiikkiHotel Kemi 1932 has nine separate single beds.<\/p><p>The separate beds in the dormitory-style room allow accommodation for both a large group and a single traveller. A bed is also available for a short stay for day travellers.\u00a0<\/p>\t\t\t\t\t\t\t\t<\/div>\n\t\t\t\t<\/div>\n\t\t\t\t<div class=\"elementor-element elementor-element-efc5941 elementor-widget elementor-widget-text-editor\" data-id=\"efc5941\" data-element_type=\"widget\" data-e-type=\"widget\" data-widget_type=\"text-editor.default\">\n\t\t\t\t<div class=\"elementor-widget-container\">\n\t\t\t\t\t\t\t\t\t<p>The 84.4-square-metre room is furnished with nine single beds and a group of six tables. Each bed has its own reading light and a lockable safe.<\/p><p>Four shared lockable toilets and bathrooms with five other rooms. Each of the facilities is available for private use.<\/p><p>The room on the second floor offers a stunning view of the railway yard and the tracks to the west.<\/p>\t\t\t\t\t\t\t\t<\/div>\n\t\t\t\t<\/div>\n\t\t\t\t\t<\/div>\n\t\t<\/div>\n\t\t\t\t<div class=\"elementor-column elementor-col-50 elementor-top-column elementor-element elementor-element-ace9b00\" data-id=\"ace9b00\" data-element_type=\"column\" data-e-type=\"column\" data-settings=\"{&quot;background_background&quot;:&quot;classic&quot;}\">\n\t\t\t<div class=\"elementor-widget-wrap elementor-element-populated\">\n\t\t\t\t\t\t<div class=\"elementor-element elementor-element-feb4410 elementor-widget elementor-widget-image-box\" data-id=\"feb4410\" data-element_type=\"widget\" data-e-type=\"widget\" data-widget_type=\"image-box.default\">\n\t\t\t\t<div class=\"elementor-widget-container\">\n\t\t\t\t\t<div class=\"elementor-image-box-wrapper\"><div class=\"elementor-image-box-content\"><h3 class=\"elementor-image-box-title\">Boutique hotel Kemi 1932<\/h3><p class=\"elementor-image-box-description\">Rautatiekatu 1, 94100 Kemi, Finland<\/p><\/div><\/div>\t\t\t\t<\/div>\n\t\t\t\t<\/div>\n\t\t\t\t<div class=\"elementor-element elementor-element-ca9c05c elementor-widget elementor-widget-text-editor\" data-id=\"ca9c05c\" data-element_type=\"widget\" data-e-type=\"widget\" data-widget_type=\"text-editor.default\">\n\t\t\t\t<div class=\"elementor-widget-container\">\n\t\t\t\t\t\t\t\t\t<p>84,4 m\u00b2<\/p><p>Equipment:<br \/>Nine single beds<\/p><p>Price: <br \/>65\u20ac \/ night per bed<\/p><p>Reservations and enquiries:<br \/><a href=\"tel:&quot;358405910980&quot;\">+358 40 591 0980<\/a> or <a href=\"mailto:&quot;info@putiikkihotellikemi.com&quot;\">info(at)boutique-hotel-liquor.com<\/a><\/p>\t\t\t\t\t\t\t\t<\/div>\n\t\t\t\t<\/div>\n\t\t\t\t\t<\/div>\n\t\t<\/div>\n\t\t\t\t\t<\/div>\n\t\t<\/section>\n\t\t\t\t<section class=\"elementor-section elementor-top-section elementor-element elementor-element-caaeddc elementor-section-boxed elementor-section-height-default elementor-section-height-default\" data-id=\"caaeddc\" data-element_type=\"section\" data-e-type=\"section\">\n\t\t\t\t\t\t<div class=\"elementor-container elementor-column-gap-default\">\n\t\t\t\t\t<div class=\"elementor-column elementor-col-100 elementor-top-column elementor-element elementor-element-b932e84\" data-id=\"b932e84\" data-element_type=\"column\" data-e-type=\"column\">\n\t\t\t<div class=\"elementor-widget-wrap elementor-element-populated\">\n\t\t\t\t\t\t<div class=\"elementor-element elementor-element-938b1bc elementor-widget elementor-widget-gallery\" data-id=\"938b1bc\" data-element_type=\"widget\" data-e-type=\"widget\" data-settings=\"{&quot;lazyload&quot;:&quot;yes&quot;,&quot;gallery_layout&quot;:&quot;grid&quot;,&quot;columns&quot;:4,&quot;columns_tablet&quot;:2,&quot;columns_mobile&quot;:1,&quot;gap&quot;:{&quot;unit&quot;:&quot;px&quot;,&quot;size&quot;:10,&quot;sizes&quot;:[]},&quot;gap_tablet&quot;:{&quot;unit&quot;:&quot;px&quot;,&quot;size&quot;:10,&quot;sizes&quot;:[]},&quot;gap_mobile&quot;:{&quot;unit&quot;:&quot;px&quot;,&quot;size&quot;:10,&quot;sizes&quot;:[]},&quot;link_to&quot;:&quot;file&quot;,&quot;aspect_ratio&quot;:&quot;3:2&quot;,&quot;overlay_background&quot;:&quot;yes&quot;,&quot;content_hover_animation&quot;:&quot;fade-in&quot;}\" data-widget_type=\"gallery.default\">\n\t\t\t\t<div class=\"elementor-widget-container\">\n\t\t\t\t\t\t\t<div class=\"elementor-gallery__container\">\n\t\t\t\t\t\t\t<a class=\"e-gallery-item elementor-gallery-item elementor-animated-content\" href=\"https:\/\/vanha.cafeherttakemi.com\/wp-content\/uploads\/2019\/01\/DSC_0023.jpg\" data-elementor-open-lightbox=\"yes\" data-elementor-lightbox-slideshow=\"938b1bc\" data-elementor-lightbox-title=\"Ryhm\u00e4huone 1\" data-e-action-hash=\"#elementor-action%3Aaction%3Dlightbox%26settings%3DeyJpZCI6MzIxLCJ1cmwiOiJodHRwczpcL1wvdmFuaGEuY2FmZWhlcnR0YWtlbWkuY29tXC93cC1jb250ZW50XC91cGxvYWRzXC8yMDE5XC8wMVwvRFNDXzAwMjMuanBnIiwic2xpZGVzaG93IjoiOTM4YjFiYyJ9\">\n\t\t\t\t\t<div class=\"e-gallery-image elementor-gallery-item__image\" data-thumbnail=\"https:\/\/vanha.cafeherttakemi.com\/wp-content\/uploads\/2019\/01\/DSC_0023-300x205.jpg\" data-width=\"300\" data-height=\"205\" aria-label=\"\" role=\"img\" ><\/div>\n\t\t\t\t\t\t\t\t\t\t\t<div class=\"elementor-gallery-item__overlay\"><\/div>\n\t\t\t\t\t\t\t\t\t\t\t\t\t\t<\/a>\n\t\t\t\t\t\t\t<a class=\"e-gallery-item elementor-gallery-item elementor-animated-content\" href=\"https:\/\/vanha.cafeherttakemi.com\/wp-content\/uploads\/2019\/01\/DSC_0045.jpg\" data-elementor-open-lightbox=\"yes\" data-elementor-lightbox-slideshow=\"938b1bc\" data-elementor-lightbox-title=\"Ryhm\u00e4huone 2\" data-e-action-hash=\"#elementor-action%3Aaction%3Dlightbox%26settings%3DeyJpZCI6MzIyLCJ1cmwiOiJodHRwczpcL1wvdmFuaGEuY2FmZWhlcnR0YWtlbWkuY29tXC93cC1jb250ZW50XC91cGxvYWRzXC8yMDE5XC8wMVwvRFNDXzAwNDUuanBnIiwic2xpZGVzaG93IjoiOTM4YjFiYyJ9\">\n\t\t\t\t\t<div class=\"e-gallery-image elementor-gallery-item__image\" data-thumbnail=\"https:\/\/vanha.cafeherttakemi.com\/wp-content\/uploads\/2019\/01\/DSC_0045-300x229.jpg\" data-width=\"300\" data-height=\"229\" aria-label=\"\" role=\"img\" ><\/div>\n\t\t\t\t\t\t\t\t\t\t\t<div class=\"elementor-gallery-item__overlay\"><\/div>\n\t\t\t\t\t\t\t\t\t\t\t\t\t\t<\/a>\n\t\t\t\t\t\t\t<a class=\"e-gallery-item elementor-gallery-item elementor-animated-content\" href=\"https:\/\/vanha.cafeherttakemi.com\/wp-content\/uploads\/2019\/01\/DSC_0047.jpg\" data-elementor-open-lightbox=\"yes\" data-elementor-lightbox-slideshow=\"938b1bc\" data-elementor-lightbox-title=\"Ryhm\u00e4huone 3\" data-e-action-hash=\"#elementor-action%3Aaction%3Dlightbox%26settings%3DeyJpZCI6MzIzLCJ1cmwiOiJodHRwczpcL1wvdmFuaGEuY2FmZWhlcnR0YWtlbWkuY29tXC93cC1jb250ZW50XC91cGxvYWRzXC8yMDE5XC8wMVwvRFNDXzAwNDcuanBnIiwic2xpZGVzaG93IjoiOTM4YjFiYyJ9\">\n\t\t\t\t\t<div class=\"e-gallery-image elementor-gallery-item__image\" data-thumbnail=\"https:\/\/vanha.cafeherttakemi.com\/wp-content\/uploads\/2019\/01\/DSC_0047-204x300.jpg\" data-width=\"204\" data-height=\"300\" aria-label=\"\" role=\"img\" ><\/div>\n\t\t\t\t\t\t\t\t\t\t\t<div class=\"elementor-gallery-item__overlay\"><\/div>\n\t\t\t\t\t\t\t\t\t\t\t\t\t\t<\/a>\n\t\t\t\t\t\t\t<a class=\"e-gallery-item elementor-gallery-item elementor-animated-content\" href=\"https:\/\/vanha.cafeherttakemi.com\/wp-content\/uploads\/2019\/01\/DSC_0188-1.jpg\" data-elementor-open-lightbox=\"yes\" data-elementor-lightbox-slideshow=\"938b1bc\" data-elementor-lightbox-title=\"Ryhm\u00e4huone 4\" data-e-action-hash=\"#elementor-action%3Aaction%3Dlightbox%26settings%3DeyJpZCI6MzI0LCJ1cmwiOiJodHRwczpcL1wvdmFuaGEuY2FmZWhlcnR0YWtlbWkuY29tXC93cC1jb250ZW50XC91cGxvYWRzXC8yMDE5XC8wMVwvRFNDXzAxODgtMS5qcGciLCJzbGlkZXNob3ciOiI5MzhiMWJjIn0%3D\">\n\t\t\t\t\t<div class=\"e-gallery-image elementor-gallery-item__image\" data-thumbnail=\"https:\/\/vanha.cafeherttakemi.com\/wp-content\/uploads\/2019\/01\/DSC_0188-1-300x206.jpg\" data-width=\"300\" data-height=\"206\" aria-label=\"\" role=\"img\" ><\/div>\n\t\t\t\t\t\t\t\t\t\t\t<div class=\"elementor-gallery-item__overlay\"><\/div>\n\t\t\t\t\t\t\t\t\t\t\t\t\t\t<\/a>\n\t\t\t\t\t\t\t<a class=\"e-gallery-item elementor-gallery-item elementor-animated-content\" href=\"https:\/\/vanha.cafeherttakemi.com\/wp-content\/uploads\/2019\/01\/DSC_0205-1.jpg\" data-elementor-open-lightbox=\"yes\" data-elementor-lightbox-slideshow=\"938b1bc\" data-elementor-lightbox-title=\"Ryhm\u00e4huone 5\" data-e-action-hash=\"#elementor-action%3Aaction%3Dlightbox%26settings%3DeyJpZCI6MzI1LCJ1cmwiOiJodHRwczpcL1wvdmFuaGEuY2FmZWhlcnR0YWtlbWkuY29tXC93cC1jb250ZW50XC91cGxvYWRzXC8yMDE5XC8wMVwvRFNDXzAyMDUtMS5qcGciLCJzbGlkZXNob3ciOiI5MzhiMWJjIn0%3D\">\n\t\t\t\t\t<div class=\"e-gallery-image elementor-gallery-item__image\" data-thumbnail=\"https:\/\/vanha.cafeherttakemi.com\/wp-content\/uploads\/2019\/01\/DSC_0205-1-211x300.jpg\" data-width=\"211\" data-height=\"300\" aria-label=\"\" role=\"img\" ><\/div>\n\t\t\t\t\t\t\t\t\t\t\t<div class=\"elementor-gallery-item__overlay\"><\/div>\n\t\t\t\t\t\t\t\t\t\t\t\t\t\t<\/a>\n\t\t\t\t\t\t\t<a class=\"e-gallery-item elementor-gallery-item elementor-animated-content\" href=\"https:\/\/vanha.cafeherttakemi.com\/wp-content\/uploads\/2019\/01\/DSC_0208-1.jpg\" data-elementor-open-lightbox=\"yes\" data-elementor-lightbox-slideshow=\"938b1bc\" data-elementor-lightbox-title=\"Ryhm\u00e4huone 6\" data-e-action-hash=\"#elementor-action%3Aaction%3Dlightbox%26settings%3DeyJpZCI6MzI2LCJ1cmwiOiJodHRwczpcL1wvdmFuaGEuY2FmZWhlcnR0YWtlbWkuY29tXC93cC1jb250ZW50XC91cGxvYWRzXC8yMDE5XC8wMVwvRFNDXzAyMDgtMS5qcGciLCJzbGlkZXNob3ciOiI5MzhiMWJjIn0%3D\">\n\t\t\t\t\t<div class=\"e-gallery-image elementor-gallery-item__image\" data-thumbnail=\"https:\/\/vanha.cafeherttakemi.com\/wp-content\/uploads\/2019\/01\/DSC_0208-1-216x300.jpg\" data-width=\"216\" data-height=\"300\" aria-label=\"\" role=\"img\" ><\/div>\n\t\t\t\t\t\t\t\t\t\t\t<div class=\"elementor-gallery-item__overlay\"><\/div>\n\t\t\t\t\t\t\t\t\t\t\t\t\t\t<\/a>\n\t\t\t\t\t<\/div>\n\t\t\t\t\t<\/div>\n\t\t\t\t<\/div>\n\t\t\t\t\t<\/div>\n\t\t<\/div>\n\t\t\t\t\t<\/div>\n\t\t<\/section>\n\t\t\t\t<\/div>","protected":false},"excerpt":{"rendered":"<p>Ryhm\u00e4huone PutiikkiHotelli Kemi 1932 isoin huone pit\u00e4\u00e4 sis\u00e4ll\u00e4\u00e4n yhdeks\u00e4n erillist\u00e4 yhden hengen s\u00e4nky\u00e4. Dormi-muotoisen huoneen erill\u00e4\u00e4n toisistaan sijoitellut s\u00e4ngyt mahdollistavat majoituksen niin isommalle ryhm\u00e4lle, kuin yksitt\u00e4isellekin matkaajalle. Petipaikka saatavilla my\u00f6s hetken leposijaksi p\u00e4iv\u00e4matkaajallekin.\u00a0 84,4 neli\u00f6metrin huone\u00a0on varusteltu yhdeks\u00e4ll\u00e4 yhden hengen s\u00e4ngyll\u00e4 sek\u00e4 kuuden hengen p\u00f6yt\u00e4ryhm\u00e4ll\u00e4. Jokaisella s\u00e4nkypaikalla oma lukuvalo sek\u00e4 lukittava tallelokero. Nelj\u00e4 jaettua lukitettavaa [&hellip;]<\/p>\n","protected":false},"author":1,"featured_media":0,"parent":803,"menu_order":0,"comment_status":"closed","ping_status":"closed","template":"","meta":{"footnotes":""},"class_list":["post-852","page","type-page","status-publish","hentry"],"yoast_head":"<!-- This site is optimized with the Yoast SEO plugin v26.8 - https:\/\/yoast.com\/product\/yoast-seo-wordpress\/ -->\n<title>Ryhm\u00e4huone - Kemin Asemanpuisto<\/title>\n<meta name=\"robots\" content=\"index, follow, max-snippet:-1, max-image-preview:large, max-video-preview:-1\" \/>\n<link rel=\"canonical\" href=\"https:\/\/vanha.cafeherttakemi.com\/en\/putiikkihotelli-kemi-1932\/ryhmahuone\/\" \/>\n<meta property=\"og:locale\" content=\"en_GB\" \/>\n<meta property=\"og:type\" content=\"article\" \/>\n<meta property=\"og:title\" content=\"Ryhm\u00e4huone - Kemin Asemanpuisto\" \/>\n<meta property=\"og:description\" content=\"Ryhm\u00e4huone PutiikkiHotelli Kemi 1932 isoin huone pit\u00e4\u00e4 sis\u00e4ll\u00e4\u00e4n yhdeks\u00e4n erillist\u00e4 yhden hengen s\u00e4nky\u00e4. Dormi-muotoisen huoneen erill\u00e4\u00e4n toisistaan sijoitellut s\u00e4ngyt mahdollistavat majoituksen niin isommalle ryhm\u00e4lle, kuin yksitt\u00e4isellekin matkaajalle. Petipaikka saatavilla my\u00f6s hetken leposijaksi p\u00e4iv\u00e4matkaajallekin.\u00a0 84,4 neli\u00f6metrin huone\u00a0on varusteltu yhdeks\u00e4ll\u00e4 yhden hengen s\u00e4ngyll\u00e4 sek\u00e4 kuuden hengen p\u00f6yt\u00e4ryhm\u00e4ll\u00e4. Jokaisella s\u00e4nkypaikalla oma lukuvalo sek\u00e4 lukittava tallelokero. Nelj\u00e4 jaettua lukitettavaa [&hellip;]\" \/>\n<meta property=\"og:url\" content=\"https:\/\/vanha.cafeherttakemi.com\/en\/putiikkihotelli-kemi-1932\/ryhmahuone\/\" \/>\n<meta property=\"og:site_name\" content=\"Kemin Asemanpuisto\" \/>\n<meta property=\"article:modified_time\" content=\"2025-03-12T06:24:20+00:00\" \/>\n<meta name=\"twitter:card\" content=\"summary_large_image\" \/>\n<meta name=\"twitter:label1\" content=\"Estimated reading time\" \/>\n\t<meta name=\"twitter:data1\" content=\"1 minute\" \/>\n<script type=\"application\/ld+json\" class=\"yoast-schema-graph\">{\"@context\":\"https:\/\/schema.org\",\"@graph\":[{\"@type\":\"WebPage\",\"@id\":\"https:\/\/vanha.cafeherttakemi.com\/putiikkihotelli-kemi-1932\/ryhmahuone\/\",\"url\":\"https:\/\/vanha.cafeherttakemi.com\/putiikkihotelli-kemi-1932\/ryhmahuone\/\",\"name\":\"Ryhm\u00e4huone - Kemin Asemanpuisto\",\"isPartOf\":{\"@id\":\"https:\/\/vanha.cafeherttakemi.com\/#website\"},\"datePublished\":\"2019-09-11T13:08:37+00:00\",\"dateModified\":\"2025-03-12T06:24:20+00:00\",\"breadcrumb\":{\"@id\":\"https:\/\/vanha.cafeherttakemi.com\/putiikkihotelli-kemi-1932\/ryhmahuone\/#breadcrumb\"},\"inLanguage\":\"en-GB\",\"potentialAction\":[{\"@type\":\"ReadAction\",\"target\":[\"https:\/\/vanha.cafeherttakemi.com\/putiikkihotelli-kemi-1932\/ryhmahuone\/\"]}]},{\"@type\":\"BreadcrumbList\",\"@id\":\"https:\/\/vanha.cafeherttakemi.com\/putiikkihotelli-kemi-1932\/ryhmahuone\/#breadcrumb\",\"itemListElement\":[{\"@type\":\"ListItem\",\"position\":1,\"name\":\"Home\",\"item\":\"https:\/\/vanha.cafeherttakemi.com\/\"},{\"@type\":\"ListItem\",\"position\":2,\"name\":\"Putiikkihotelli Kemi 1932\",\"item\":\"https:\/\/vanha.cafeherttakemi.com\/putiikkihotelli-kemi-1932\/\"},{\"@type\":\"ListItem\",\"position\":3,\"name\":\"Ryhm\u00e4huone\"}]},{\"@type\":\"WebSite\",\"@id\":\"https:\/\/vanha.cafeherttakemi.com\/#website\",\"url\":\"https:\/\/vanha.cafeherttakemi.com\/\",\"name\":\"Kemin Asemanpuisto\",\"description\":\"Hotelli ja kahvila keskell&auml; Kemi&auml;\",\"publisher\":{\"@id\":\"https:\/\/vanha.cafeherttakemi.com\/#organization\"},\"potentialAction\":[{\"@type\":\"SearchAction\",\"target\":{\"@type\":\"EntryPoint\",\"urlTemplate\":\"https:\/\/vanha.cafeherttakemi.com\/?s={search_term_string}\"},\"query-input\":{\"@type\":\"PropertyValueSpecification\",\"valueRequired\":true,\"valueName\":\"search_term_string\"}}],\"inLanguage\":\"en-GB\"},{\"@type\":\"Organization\",\"@id\":\"https:\/\/vanha.cafeherttakemi.com\/#organization\",\"name\":\"Kemin Asemanpuisto Oy\",\"url\":\"https:\/\/vanha.cafeherttakemi.com\/\",\"logo\":{\"@type\":\"ImageObject\",\"inLanguage\":\"en-GB\",\"@id\":\"https:\/\/vanha.cafeherttakemi.com\/#\/schema\/logo\/image\/\",\"url\":\"http:\/\/vanha.cafeherttakemi.com\/wp-content\/uploads\/2019\/09\/Kemin-asemanpuisto_logo_badge2.png\",\"contentUrl\":\"http:\/\/vanha.cafeherttakemi.com\/wp-content\/uploads\/2019\/09\/Kemin-asemanpuisto_logo_badge2.png\",\"width\":1772,\"height\":1772,\"caption\":\"Kemin Asemanpuisto Oy\"},\"image\":{\"@id\":\"https:\/\/vanha.cafeherttakemi.com\/#\/schema\/logo\/image\/\"}}]}<\/script>\n<!-- \/ Yoast SEO plugin. -->","yoast_head_json":{"title":"Group room - Kemi Asemanpuisto","robots":{"index":"index","follow":"follow","max-snippet":"max-snippet:-1","max-image-preview":"max-image-preview:large","max-video-preview":"max-video-preview:-1"},"canonical":"https:\/\/vanha.cafeherttakemi.com\/en\/putiikkihotelli-kemi-1932\/ryhmahuone\/","og_locale":"en_GB","og_type":"article","og_title":"Ryhm\u00e4huone - Kemin Asemanpuisto","og_description":"Ryhm\u00e4huone PutiikkiHotelli Kemi 1932 isoin huone pit\u00e4\u00e4 sis\u00e4ll\u00e4\u00e4n yhdeks\u00e4n erillist\u00e4 yhden hengen s\u00e4nky\u00e4. Dormi-muotoisen huoneen erill\u00e4\u00e4n toisistaan sijoitellut s\u00e4ngyt mahdollistavat majoituksen niin isommalle ryhm\u00e4lle, kuin yksitt\u00e4isellekin matkaajalle. Petipaikka saatavilla my\u00f6s hetken leposijaksi p\u00e4iv\u00e4matkaajallekin.\u00a0 84,4 neli\u00f6metrin huone\u00a0on varusteltu yhdeks\u00e4ll\u00e4 yhden hengen s\u00e4ngyll\u00e4 sek\u00e4 kuuden hengen p\u00f6yt\u00e4ryhm\u00e4ll\u00e4. Jokaisella s\u00e4nkypaikalla oma lukuvalo sek\u00e4 lukittava tallelokero. Nelj\u00e4 jaettua lukitettavaa [&hellip;]","og_url":"https:\/\/vanha.cafeherttakemi.com\/en\/putiikkihotelli-kemi-1932\/ryhmahuone\/","og_site_name":"Kemin Asemanpuisto","article_modified_time":"2025-03-12T06:24:20+00:00","twitter_card":"summary_large_image","twitter_misc":{"Estimated reading time":"1 minute"},"schema":{"@context":"https:\/\/schema.org","@graph":[{"@type":"WebPage","@id":"https:\/\/vanha.cafeherttakemi.com\/putiikkihotelli-kemi-1932\/ryhmahuone\/","url":"https:\/\/vanha.cafeherttakemi.com\/putiikkihotelli-kemi-1932\/ryhmahuone\/","name":"Group room - Kemi Asemanpuisto","isPartOf":{"@id":"https:\/\/vanha.cafeherttakemi.com\/#website"},"datePublished":"2019-09-11T13:08:37+00:00","dateModified":"2025-03-12T06:24:20+00:00","breadcrumb":{"@id":"https:\/\/vanha.cafeherttakemi.com\/putiikkihotelli-kemi-1932\/ryhmahuone\/#breadcrumb"},"inLanguage":"en-GB","potentialAction":[{"@type":"ReadAction","target":["https:\/\/vanha.cafeherttakemi.com\/putiikkihotelli-kemi-1932\/ryhmahuone\/"]}]},{"@type":"BreadcrumbList","@id":"https:\/\/vanha.cafeherttakemi.com\/putiikkihotelli-kemi-1932\/ryhmahuone\/#breadcrumb","itemListElement":[{"@type":"ListItem","position":1,"name":"Home","item":"https:\/\/vanha.cafeherttakemi.com\/"},{"@type":"ListItem","position":2,"name":"Putiikkihotelli Kemi 1932","item":"https:\/\/vanha.cafeherttakemi.com\/putiikkihotelli-kemi-1932\/"},{"@type":"ListItem","position":3,"name":"Ryhm\u00e4huone"}]},{"@type":"WebSite","@id":"https:\/\/vanha.cafeherttakemi.com\/#website","url":"https:\/\/vanha.cafeherttakemi.com\/","name":"Kemi Station Park","description":"Hotel and caf\u00e9 in the centre of Kemi","publisher":{"@id":"https:\/\/vanha.cafeherttakemi.com\/#organization"},"potentialAction":[{"@type":"SearchAction","target":{"@type":"EntryPoint","urlTemplate":"https:\/\/vanha.cafeherttakemi.com\/?s={search_term_string}"},"query-input":{"@type":"PropertyValueSpecification","valueRequired":true,"valueName":"search_term_string"}}],"inLanguage":"en-GB"},{"@type":"Organization","@id":"https:\/\/vanha.cafeherttakemi.com\/#organization","name":"Kemi Asemanpuisto Oy","url":"https:\/\/vanha.cafeherttakemi.com\/","logo":{"@type":"ImageObject","inLanguage":"en-GB","@id":"https:\/\/vanha.cafeherttakemi.com\/#\/schema\/logo\/image\/","url":"http:\/\/vanha.cafeherttakemi.com\/wp-content\/uploads\/2019\/09\/Kemin-asemanpuisto_logo_badge2.png","contentUrl":"http:\/\/vanha.cafeherttakemi.com\/wp-content\/uploads\/2019\/09\/Kemin-asemanpuisto_logo_badge2.png","width":1772,"height":1772,"caption":"Kemin Asemanpuisto Oy"},"image":{"@id":"https:\/\/vanha.cafeherttakemi.com\/#\/schema\/logo\/image\/"}}]}},"_links":{"self":[{"href":"https:\/\/vanha.cafeherttakemi.com\/en\/wp-json\/wp\/v2\/pages\/852","targetHints":{"allow":["GET"]}}],"collection":[{"href":"https:\/\/vanha.cafeherttakemi.com\/en\/wp-json\/wp\/v2\/pages"}],"about":[{"href":"https:\/\/vanha.cafeherttakemi.com\/en\/wp-json\/wp\/v2\/types\/page"}],"author":[{"embeddable":true,"href":"https:\/\/vanha.cafeherttakemi.com\/en\/wp-json\/wp\/v2\/users\/1"}],"replies":[{"embeddable":true,"href":"https:\/\/vanha.cafeherttakemi.com\/en\/wp-json\/wp\/v2\/comments?post=852"}],"version-history":[{"count":21,"href":"https:\/\/vanha.cafeherttakemi.com\/en\/wp-json\/wp\/v2\/pages\/852\/revisions"}],"predecessor-version":[{"id":4250,"href":"https:\/\/vanha.cafeherttakemi.com\/en\/wp-json\/wp\/v2\/pages\/852\/revisions\/4250"}],"up":[{"embeddable":true,"href":"https:\/\/vanha.cafeherttakemi.com\/en\/wp-json\/wp\/v2\/pages\/803"}],"wp:attachment":[{"href":"https:\/\/vanha.cafeherttakemi.com\/en\/wp-json\/wp\/v2\/media?parent=852"}],"curies":[{"name":"wp","href":"https:\/\/api.w.org\/{rel}","templated":true}]}}