{"id":856,"date":"2019-09-11T13:29:26","date_gmt":"2019-09-11T13:29:26","guid":{"rendered":"http:\/\/www.nuotiotesti.com\/hotsku\/?page_id=856"},"modified":"2021-02-11T12:45:59","modified_gmt":"2021-02-11T12:45:59","slug":"huoneistot","status":"publish","type":"page","link":"https:\/\/vanha.cafeherttakemi.com\/en\/putiikkihotelli-kemi-1932\/huoneistot\/","title":{"rendered":"Apartments"},"content":{"rendered":"<div data-elementor-type=\"wp-page\" data-elementor-id=\"856\" class=\"elementor elementor-856\" data-elementor-post-type=\"page\">\n\t\t\t\t\t\t<section class=\"elementor-section elementor-top-section elementor-element elementor-element-1316176 elementor-section-boxed elementor-section-height-default elementor-section-height-default\" data-id=\"1316176\" data-element_type=\"section\" data-e-type=\"section\">\n\t\t\t\t\t\t<div class=\"elementor-container elementor-column-gap-default\">\n\t\t\t\t\t<div class=\"elementor-column elementor-col-100 elementor-top-column elementor-element elementor-element-281dfbf\" data-id=\"281dfbf\" data-element_type=\"column\" data-e-type=\"column\">\n\t\t\t<div class=\"elementor-widget-wrap\">\n\t\t\t\t\t\t\t<\/div>\n\t\t<\/div>\n\t\t\t\t\t<\/div>\n\t\t<\/section>\n\t\t\t\t<section class=\"elementor-section elementor-top-section elementor-element elementor-element-0837637 elementor-section-stretched elementor-section-full_width elementor-section-height-default elementor-section-height-default\" data-id=\"0837637\" data-element_type=\"section\" data-e-type=\"section\" data-settings=\"{&quot;stretch_section&quot;:&quot;section-stretched&quot;,&quot;background_background&quot;:&quot;classic&quot;}\">\n\t\t\t\t\t\t<div class=\"elementor-container elementor-column-gap-default\">\n\t\t\t\t\t<div class=\"elementor-column elementor-col-100 elementor-top-column elementor-element elementor-element-dc6736d\" data-id=\"dc6736d\" data-element_type=\"column\" data-e-type=\"column\">\n\t\t\t<div class=\"elementor-widget-wrap elementor-element-populated\">\n\t\t\t\t\t\t<div class=\"elementor-element elementor-element-d623ed7 elementor-widget elementor-widget-heading\" data-id=\"d623ed7\" data-element_type=\"widget\" data-e-type=\"widget\" data-widget_type=\"heading.default\">\n\t\t\t\t<div class=\"elementor-widget-container\">\n\t\t\t\t\t<h2 class=\"elementor-heading-title elementor-size-default\">Apartments<\/h2>\t\t\t\t<\/div>\n\t\t\t\t<\/div>\n\t\t\t\t\t<\/div>\n\t\t<\/div>\n\t\t\t\t\t<\/div>\n\t\t<\/section>\n\t\t\t\t<section class=\"elementor-section elementor-top-section elementor-element elementor-element-6583870 elementor-section-boxed elementor-section-height-default elementor-section-height-default\" data-id=\"6583870\" data-element_type=\"section\" data-e-type=\"section\">\n\t\t\t\t\t\t<div class=\"elementor-container elementor-column-gap-default\">\n\t\t\t\t\t<div class=\"elementor-column elementor-col-25 elementor-top-column elementor-element elementor-element-77fe385\" data-id=\"77fe385\" data-element_type=\"column\" data-e-type=\"column\">\n\t\t\t<div class=\"elementor-widget-wrap\">\n\t\t\t\t\t\t\t<\/div>\n\t\t<\/div>\n\t\t\t\t<div class=\"elementor-column elementor-col-50 elementor-top-column elementor-element elementor-element-6dfb074\" data-id=\"6dfb074\" data-element_type=\"column\" data-e-type=\"column\">\n\t\t\t<div class=\"elementor-widget-wrap elementor-element-populated\">\n\t\t\t\t\t\t<div class=\"elementor-element elementor-element-cf04bb0 elementor-widget elementor-widget-image\" data-id=\"cf04bb0\" data-element_type=\"widget\" data-e-type=\"widget\" data-widget_type=\"image.default\">\n\t\t\t\t<div class=\"elementor-widget-container\">\n\t\t\t\t\t\t\t\t\t\t\t\t\t\t\t<img fetchpriority=\"high\" decoding=\"async\" width=\"800\" height=\"800\" src=\"https:\/\/vanha.cafeherttakemi.com\/wp-content\/uploads\/2019\/02\/huoneisto-kollaasi-1024x1024.jpg\" class=\"attachment-large size-large wp-image-388\" alt=\"\" srcset=\"https:\/\/vanha.cafeherttakemi.com\/wp-content\/uploads\/2019\/02\/huoneisto-kollaasi-1024x1024.jpg 1024w, https:\/\/vanha.cafeherttakemi.com\/wp-content\/uploads\/2019\/02\/huoneisto-kollaasi-150x150.jpg 150w, https:\/\/vanha.cafeherttakemi.com\/wp-content\/uploads\/2019\/02\/huoneisto-kollaasi-300x300.jpg 300w, https:\/\/vanha.cafeherttakemi.com\/wp-content\/uploads\/2019\/02\/huoneisto-kollaasi-768x768.jpg 768w, https:\/\/vanha.cafeherttakemi.com\/wp-content\/uploads\/2019\/02\/huoneisto-kollaasi.jpg 1564w\" sizes=\"(max-width: 800px) 100vw, 800px\" \/>\t\t\t\t\t\t\t\t\t\t\t\t\t\t\t<\/div>\n\t\t\t\t<\/div>\n\t\t\t\t\t<\/div>\n\t\t<\/div>\n\t\t\t\t<div class=\"elementor-column elementor-col-25 elementor-top-column elementor-element elementor-element-8b96852\" data-id=\"8b96852\" data-element_type=\"column\" data-e-type=\"column\">\n\t\t\t<div class=\"elementor-widget-wrap\">\n\t\t\t\t\t\t\t<\/div>\n\t\t<\/div>\n\t\t\t\t\t<\/div>\n\t\t<\/section>\n\t\t\t\t<section class=\"elementor-section elementor-top-section elementor-element elementor-element-1777986 elementor-section-boxed elementor-section-height-default elementor-section-height-default\" data-id=\"1777986\" data-element_type=\"section\" data-e-type=\"section\">\n\t\t\t\t\t\t<div class=\"elementor-container elementor-column-gap-default\">\n\t\t\t\t\t<div class=\"elementor-column elementor-col-50 elementor-top-column elementor-element elementor-element-4dab094\" data-id=\"4dab094\" data-element_type=\"column\" data-e-type=\"column\">\n\t\t\t<div class=\"elementor-widget-wrap elementor-element-populated\">\n\t\t\t\t\t\t<div class=\"elementor-element elementor-element-51bac5c elementor-widget elementor-widget-text-editor\" data-id=\"51bac5c\" data-element_type=\"widget\" data-e-type=\"widget\" data-widget_type=\"text-editor.default\">\n\t\t\t\t<div class=\"elementor-widget-container\">\n\t\t\t\t\t\t\t\t\t<p><em><strong>PutiikkiHotelli Kemi 1932 The historic apartments were once used as housing for State Railways employees. The building has benefited from the redevelopment of the area and both the exterior and interior of the renovated apartments have been updated to modern standards.\u00a0<\/strong><\/em><\/p><p><em>Located at the southernmost end of the railway yard, the apartments are completely private. The old cellars and macassins surrounding the courtyard of the apartments evoke the old times and create an atmosphere around them.\u00a0<\/em><\/p>\t\t\t\t\t\t\t\t<\/div>\n\t\t\t\t<\/div>\n\t\t\t\t\t<\/div>\n\t\t<\/div>\n\t\t\t\t<div class=\"elementor-column elementor-col-50 elementor-top-column elementor-element elementor-element-6f9ca08\" data-id=\"6f9ca08\" data-element_type=\"column\" data-e-type=\"column\">\n\t\t\t<div class=\"elementor-widget-wrap elementor-element-populated\">\n\t\t\t\t\t\t<div class=\"elementor-element elementor-element-374bc89 elementor-widget elementor-widget-text-editor\" data-id=\"374bc89\" data-element_type=\"widget\" data-e-type=\"widget\" data-widget_type=\"text-editor.default\">\n\t\t\t\t<div class=\"elementor-widget-container\">\n\t\t\t\t\t\t\t\t\t<p><strong>Apartments of 75 square metres<\/strong>\u00a0are equipped with two double rooms, a private fully equipped kitchen and a bathroom.<\/p><p>The rooms feature two single beds, an armchair, a decorative fireplace, an LED TV and a Chromecast media player to stream media content, photos and games directly from your smartphone or computer.<\/p><p>Rooms can have one extra bed on request.<\/p>\t\t\t\t\t\t\t\t<\/div>\n\t\t\t\t<\/div>\n\t\t\t\t\t<\/div>\n\t\t<\/div>\n\t\t\t\t\t<\/div>\n\t\t<\/section>\n\t\t\t\t<section class=\"elementor-section elementor-top-section elementor-element elementor-element-83c1bf6 elementor-section-boxed elementor-section-height-default elementor-section-height-default\" data-id=\"83c1bf6\" data-element_type=\"section\" data-e-type=\"section\">\n\t\t\t\t\t\t<div class=\"elementor-container elementor-column-gap-default\">\n\t\t\t\t\t<div class=\"elementor-column elementor-col-100 elementor-top-column elementor-element elementor-element-b18c76d\" data-id=\"b18c76d\" data-element_type=\"column\" data-e-type=\"column\">\n\t\t\t<div class=\"elementor-widget-wrap elementor-element-populated\">\n\t\t\t\t\t\t<div class=\"elementor-element elementor-element-7601768 elementor-widget elementor-widget-image-gallery\" data-id=\"7601768\" data-element_type=\"widget\" data-e-type=\"widget\" data-widget_type=\"image-gallery.default\">\n\t\t\t\t<div class=\"elementor-widget-container\">\n\t\t\t\t\t\t\t<div class=\"elementor-image-gallery\">\n\t\t\t<div id='gallery-1' class='gallery galleryid-856 gallery-columns-8 gallery-size-thumbnail'><figure class='gallery-item'>\n\t\t\t<div class='gallery-icon portrait'>\n\t\t\t\t<a data-elementor-open-lightbox=\"yes\" data-elementor-lightbox-slideshow=\"7601768\" data-elementor-lightbox-title=\"Huoneisto8\" data-e-action-hash=\"#elementor-action%3Aaction%3Dlightbox%26settings%3DeyJpZCI6MzcyLCJ1cmwiOiJodHRwczpcL1wvdmFuaGEuY2FmZWhlcnR0YWtlbWkuY29tXC93cC1jb250ZW50XC91cGxvYWRzXC8yMDE5XC8wMlwvMS5odW9uZV8uanBnIiwic2xpZGVzaG93IjoiNzYwMTc2OCJ9\" href='https:\/\/vanha.cafeherttakemi.com\/wp-content\/uploads\/2019\/02\/1.huone_.jpg'><img decoding=\"async\" width=\"150\" height=\"150\" src=\"https:\/\/vanha.cafeherttakemi.com\/wp-content\/uploads\/2019\/02\/1.huone_-150x150.jpg\" class=\"attachment-thumbnail size-thumbnail\" alt=\"\" \/><\/a>\n\t\t\t<\/div><\/figure><figure class='gallery-item'>\n\t\t\t<div class='gallery-icon landscape'>\n\t\t\t\t<a data-elementor-open-lightbox=\"yes\" data-elementor-lightbox-slideshow=\"7601768\" data-elementor-lightbox-title=\"Huoneisto7\" data-e-action-hash=\"#elementor-action%3Aaction%3Dlightbox%26settings%3DeyJpZCI6MzczLCJ1cmwiOiJodHRwczpcL1wvdmFuaGEuY2FmZWhlcnR0YWtlbWkuY29tXC93cC1jb250ZW50XC91cGxvYWRzXC8yMDE5XC8wMlwvMi5odW9uZTVfLmpwZyIsInNsaWRlc2hvdyI6Ijc2MDE3NjgifQ%3D%3D\" href='https:\/\/vanha.cafeherttakemi.com\/wp-content\/uploads\/2019\/02\/2.huone5_.jpg'><img decoding=\"async\" width=\"150\" height=\"150\" src=\"https:\/\/vanha.cafeherttakemi.com\/wp-content\/uploads\/2019\/02\/2.huone5_-150x150.jpg\" class=\"attachment-thumbnail size-thumbnail\" alt=\"\" \/><\/a>\n\t\t\t<\/div><\/figure><figure class='gallery-item'>\n\t\t\t<div class='gallery-icon portrait'>\n\t\t\t\t<a data-elementor-open-lightbox=\"yes\" data-elementor-lightbox-slideshow=\"7601768\" data-elementor-lightbox-title=\"Huoneisto4\" data-e-action-hash=\"#elementor-action%3Aaction%3Dlightbox%26settings%3DeyJpZCI6MzgzLCJ1cmwiOiJodHRwczpcL1wvdmFuaGEuY2FmZWhlcnR0YWtlbWkuY29tXC93cC1jb250ZW50XC91cGxvYWRzXC8yMDE5XC8wMlwvRFNDXzAyODYuanBnIiwic2xpZGVzaG93IjoiNzYwMTc2OCJ9\" href='https:\/\/vanha.cafeherttakemi.com\/wp-content\/uploads\/2019\/02\/DSC_0286.jpg'><img loading=\"lazy\" decoding=\"async\" width=\"150\" height=\"150\" src=\"https:\/\/vanha.cafeherttakemi.com\/wp-content\/uploads\/2019\/02\/DSC_0286-150x150.jpg\" class=\"attachment-thumbnail size-thumbnail\" alt=\"\" \/><\/a>\n\t\t\t<\/div><\/figure><figure class='gallery-item'>\n\t\t\t<div class='gallery-icon portrait'>\n\t\t\t\t<a data-elementor-open-lightbox=\"yes\" data-elementor-lightbox-slideshow=\"7601768\" data-elementor-lightbox-title=\"Huoneisto3\" data-e-action-hash=\"#elementor-action%3Aaction%3Dlightbox%26settings%3DeyJpZCI6Mzg0LCJ1cmwiOiJodHRwczpcL1wvdmFuaGEuY2FmZWhlcnR0YWtlbWkuY29tXC93cC1jb250ZW50XC91cGxvYWRzXC8yMDE5XC8wMlwvRFNDXzAyOTIuanBnIiwic2xpZGVzaG93IjoiNzYwMTc2OCJ9\" href='https:\/\/vanha.cafeherttakemi.com\/wp-content\/uploads\/2019\/02\/DSC_0292.jpg'><img loading=\"lazy\" decoding=\"async\" width=\"150\" height=\"150\" src=\"https:\/\/vanha.cafeherttakemi.com\/wp-content\/uploads\/2019\/02\/DSC_0292-150x150.jpg\" class=\"attachment-thumbnail size-thumbnail\" alt=\"\" \/><\/a>\n\t\t\t<\/div><\/figure><figure class='gallery-item'>\n\t\t\t<div class='gallery-icon portrait'>\n\t\t\t\t<a data-elementor-open-lightbox=\"yes\" data-elementor-lightbox-slideshow=\"7601768\" data-elementor-lightbox-title=\"Huoneisto2\" data-e-action-hash=\"#elementor-action%3Aaction%3Dlightbox%26settings%3DeyJpZCI6Mzg1LCJ1cmwiOiJodHRwczpcL1wvdmFuaGEuY2FmZWhlcnR0YWtlbWkuY29tXC93cC1jb250ZW50XC91cGxvYWRzXC8yMDE5XC8wMlwva2VpdHRpXHUwMGY2LjIuanBnIiwic2xpZGVzaG93IjoiNzYwMTc2OCJ9\" href='https:\/\/vanha.cafeherttakemi.com\/wp-content\/uploads\/2019\/02\/keitti\u00f6.2.jpg'><img loading=\"lazy\" decoding=\"async\" width=\"150\" height=\"150\" src=\"https:\/\/vanha.cafeherttakemi.com\/wp-content\/uploads\/2019\/02\/keitti\u00f6.2-150x150.jpg\" class=\"attachment-thumbnail size-thumbnail\" alt=\"\" \/><\/a>\n\t\t\t<\/div><\/figure><figure class='gallery-item'>\n\t\t\t<div class='gallery-icon portrait'>\n\t\t\t\t<a data-elementor-open-lightbox=\"yes\" data-elementor-lightbox-slideshow=\"7601768\" data-elementor-lightbox-title=\"Huoneisto6\" data-e-action-hash=\"#elementor-action%3Aaction%3Dlightbox%26settings%3DeyJpZCI6Mzc1LCJ1cmwiOiJodHRwczpcL1wvdmFuaGEuY2FmZWhlcnR0YWtlbWkuY29tXC93cC1jb250ZW50XC91cGxvYWRzXC8yMDE5XC8wMlwvRFNDXzAxODQuanBnIiwic2xpZGVzaG93IjoiNzYwMTc2OCJ9\" href='https:\/\/vanha.cafeherttakemi.com\/wp-content\/uploads\/2019\/02\/DSC_0184.jpg'><img loading=\"lazy\" decoding=\"async\" width=\"150\" height=\"150\" src=\"https:\/\/vanha.cafeherttakemi.com\/wp-content\/uploads\/2019\/02\/DSC_0184-150x150.jpg\" class=\"attachment-thumbnail size-thumbnail\" alt=\"\" \/><\/a>\n\t\t\t<\/div><\/figure><figure class='gallery-item'>\n\t\t\t<div class='gallery-icon portrait'>\n\t\t\t\t<a data-elementor-open-lightbox=\"yes\" data-elementor-lightbox-slideshow=\"7601768\" data-elementor-lightbox-title=\"Huoneisto6\" data-e-action-hash=\"#elementor-action%3Aaction%3Dlightbox%26settings%3DeyJpZCI6Mzc2LCJ1cmwiOiJodHRwczpcL1wvdmFuaGEuY2FmZWhlcnR0YWtlbWkuY29tXC93cC1jb250ZW50XC91cGxvYWRzXC8yMDE5XC8wMlwvRFNDXzAxOTAuTkVGXy5qcGciLCJzbGlkZXNob3ciOiI3NjAxNzY4In0%3D\" href='https:\/\/vanha.cafeherttakemi.com\/wp-content\/uploads\/2019\/02\/DSC_0190.NEF_.jpg'><img loading=\"lazy\" decoding=\"async\" width=\"150\" height=\"150\" src=\"https:\/\/vanha.cafeherttakemi.com\/wp-content\/uploads\/2019\/02\/DSC_0190.NEF_-150x150.jpg\" class=\"attachment-thumbnail size-thumbnail\" alt=\"\" \/><\/a>\n\t\t\t<\/div><\/figure><figure class='gallery-item'>\n\t\t\t<div class='gallery-icon portrait'>\n\t\t\t\t<a data-elementor-open-lightbox=\"yes\" data-elementor-lightbox-slideshow=\"7601768\" data-elementor-lightbox-title=\"Huoneisto5\" data-e-action-hash=\"#elementor-action%3Aaction%3Dlightbox%26settings%3DeyJpZCI6Mzc3LCJ1cmwiOiJodHRwczpcL1wvdmFuaGEuY2FmZWhlcnR0YWtlbWkuY29tXC93cC1jb250ZW50XC91cGxvYWRzXC8yMDE5XC8wMlwvRFNDXzAxOTEuanBnIiwic2xpZGVzaG93IjoiNzYwMTc2OCJ9\" href='https:\/\/vanha.cafeherttakemi.com\/wp-content\/uploads\/2019\/02\/DSC_0191.jpg'><img loading=\"lazy\" decoding=\"async\" width=\"150\" height=\"150\" src=\"https:\/\/vanha.cafeherttakemi.com\/wp-content\/uploads\/2019\/02\/DSC_0191-150x150.jpg\" class=\"attachment-thumbnail size-thumbnail\" alt=\"\" \/><\/a>\n\t\t\t<\/div><\/figure><figure class='gallery-item'>\n\t\t\t<div class='gallery-icon landscape'>\n\t\t\t\t<a data-elementor-open-lightbox=\"yes\" data-elementor-lightbox-slideshow=\"7601768\" data-elementor-lightbox-title=\"Huoneisto 1\" data-e-action-hash=\"#elementor-action%3Aaction%3Dlightbox%26settings%3DeyJpZCI6Mzg2LCJ1cmwiOiJodHRwczpcL1wvdmFuaGEuY2FmZWhlcnR0YWtlbWkuY29tXC93cC1jb250ZW50XC91cGxvYWRzXC8yMDE5XC8wMlwva2VpdHRpXHUwMGY2LjUuanBnIiwic2xpZGVzaG93IjoiNzYwMTc2OCJ9\" href='https:\/\/vanha.cafeherttakemi.com\/wp-content\/uploads\/2019\/02\/keitti\u00f6.5.jpg'><img loading=\"lazy\" decoding=\"async\" width=\"150\" height=\"150\" src=\"https:\/\/vanha.cafeherttakemi.com\/wp-content\/uploads\/2019\/02\/keitti\u00f6.5-150x150.jpg\" class=\"attachment-thumbnail size-thumbnail\" alt=\"\" \/><\/a>\n\t\t\t<\/div><\/figure>\n\t\t<\/div>\n\t\t<\/div>\n\t\t\t\t\t\t<\/div>\n\t\t\t\t<\/div>\n\t\t\t\t\t<\/div>\n\t\t<\/div>\n\t\t\t\t\t<\/div>\n\t\t<\/section>\n\t\t\t\t<\/div>","protected":false},"excerpt":{"rendered":"<p>Huoneistot PutiikkiHotelli Kemi 1932 historialliset Huoneistot ovat toimineet aikoinaan Valtion Rautateiden ty\u00f6ntekij\u00f6iden asuntoina. Rakennus on saanut osansa alueen kunnostuksesta ja niin ulkoa kuin sis\u00e4lt\u00e4 remontoidut huoneistot ovat p\u00e4ivitetty nykyaikaan.\u00a0 Ratapihan etel\u00e4isimm\u00e4ss\u00e4 p\u00e4\u00e4dyss\u00e4 sijaitsevat huoneistot ovat t\u00e4ysin omassa rauhassaan. Huoneistojen pihamaata ymp\u00e4r\u00f6iv\u00e4t vanhat maakellarit ja makasiinit henkiv\u00e4t vanhaa aikaa ja luovat tunnelmaa ymp\u00e4rilleen.\u00a0 75 neli\u00f6metrin huoneistot\u00a0ovat [&hellip;]<\/p>\n","protected":false},"author":1,"featured_media":0,"parent":803,"menu_order":0,"comment_status":"closed","ping_status":"closed","template":"","meta":{"footnotes":""},"class_list":["post-856","page","type-page","status-publish","hentry"],"yoast_head":"<!-- This site is optimized with the Yoast SEO plugin v26.8 - https:\/\/yoast.com\/product\/yoast-seo-wordpress\/ -->\n<title>Huoneistot - Kemin Asemanpuisto<\/title>\n<meta name=\"robots\" content=\"index, follow, max-snippet:-1, max-image-preview:large, max-video-preview:-1\" \/>\n<link rel=\"canonical\" href=\"https:\/\/vanha.cafeherttakemi.com\/en\/putiikkihotelli-kemi-1932\/huoneistot\/\" \/>\n<meta property=\"og:locale\" content=\"en_GB\" \/>\n<meta property=\"og:type\" content=\"article\" \/>\n<meta property=\"og:title\" content=\"Huoneistot - Kemin Asemanpuisto\" \/>\n<meta property=\"og:description\" content=\"Huoneistot PutiikkiHotelli Kemi 1932 historialliset Huoneistot ovat toimineet aikoinaan Valtion Rautateiden ty\u00f6ntekij\u00f6iden asuntoina. Rakennus on saanut osansa alueen kunnostuksesta ja niin ulkoa kuin sis\u00e4lt\u00e4 remontoidut huoneistot ovat p\u00e4ivitetty nykyaikaan.\u00a0 Ratapihan etel\u00e4isimm\u00e4ss\u00e4 p\u00e4\u00e4dyss\u00e4 sijaitsevat huoneistot ovat t\u00e4ysin omassa rauhassaan. Huoneistojen pihamaata ymp\u00e4r\u00f6iv\u00e4t vanhat maakellarit ja makasiinit henkiv\u00e4t vanhaa aikaa ja luovat tunnelmaa ymp\u00e4rilleen.\u00a0 75 neli\u00f6metrin huoneistot\u00a0ovat [&hellip;]\" \/>\n<meta property=\"og:url\" content=\"https:\/\/vanha.cafeherttakemi.com\/en\/putiikkihotelli-kemi-1932\/huoneistot\/\" \/>\n<meta property=\"og:site_name\" content=\"Kemin Asemanpuisto\" \/>\n<meta property=\"article:modified_time\" content=\"2021-02-11T12:45:59+00:00\" \/>\n<meta property=\"og:image\" content=\"http:\/\/vanha.cafeherttakemi.com\/wp-content\/uploads\/2019\/02\/huoneisto-kollaasi-1024x1024.jpg\" \/>\n<meta name=\"twitter:card\" content=\"summary_large_image\" \/>\n<meta name=\"twitter:label1\" content=\"Estimated reading time\" \/>\n\t<meta name=\"twitter:data1\" content=\"1 minute\" \/>\n<script type=\"application\/ld+json\" class=\"yoast-schema-graph\">{\"@context\":\"https:\/\/schema.org\",\"@graph\":[{\"@type\":\"WebPage\",\"@id\":\"https:\/\/vanha.cafeherttakemi.com\/putiikkihotelli-kemi-1932\/huoneistot\/\",\"url\":\"https:\/\/vanha.cafeherttakemi.com\/putiikkihotelli-kemi-1932\/huoneistot\/\",\"name\":\"Huoneistot - Kemin Asemanpuisto\",\"isPartOf\":{\"@id\":\"https:\/\/vanha.cafeherttakemi.com\/#website\"},\"primaryImageOfPage\":{\"@id\":\"https:\/\/vanha.cafeherttakemi.com\/putiikkihotelli-kemi-1932\/huoneistot\/#primaryimage\"},\"image\":{\"@id\":\"https:\/\/vanha.cafeherttakemi.com\/putiikkihotelli-kemi-1932\/huoneistot\/#primaryimage\"},\"thumbnailUrl\":\"http:\/\/vanha.cafeherttakemi.com\/wp-content\/uploads\/2019\/02\/huoneisto-kollaasi-1024x1024.jpg\",\"datePublished\":\"2019-09-11T13:29:26+00:00\",\"dateModified\":\"2021-02-11T12:45:59+00:00\",\"breadcrumb\":{\"@id\":\"https:\/\/vanha.cafeherttakemi.com\/putiikkihotelli-kemi-1932\/huoneistot\/#breadcrumb\"},\"inLanguage\":\"en-GB\",\"potentialAction\":[{\"@type\":\"ReadAction\",\"target\":[\"https:\/\/vanha.cafeherttakemi.com\/putiikkihotelli-kemi-1932\/huoneistot\/\"]}]},{\"@type\":\"ImageObject\",\"inLanguage\":\"en-GB\",\"@id\":\"https:\/\/vanha.cafeherttakemi.com\/putiikkihotelli-kemi-1932\/huoneistot\/#primaryimage\",\"url\":\"http:\/\/vanha.cafeherttakemi.com\/wp-content\/uploads\/2019\/02\/huoneisto-kollaasi-1024x1024.jpg\",\"contentUrl\":\"http:\/\/vanha.cafeherttakemi.com\/wp-content\/uploads\/2019\/02\/huoneisto-kollaasi-1024x1024.jpg\"},{\"@type\":\"BreadcrumbList\",\"@id\":\"https:\/\/vanha.cafeherttakemi.com\/putiikkihotelli-kemi-1932\/huoneistot\/#breadcrumb\",\"itemListElement\":[{\"@type\":\"ListItem\",\"position\":1,\"name\":\"Home\",\"item\":\"https:\/\/vanha.cafeherttakemi.com\/\"},{\"@type\":\"ListItem\",\"position\":2,\"name\":\"Putiikkihotelli Kemi 1932\",\"item\":\"https:\/\/vanha.cafeherttakemi.com\/putiikkihotelli-kemi-1932\/\"},{\"@type\":\"ListItem\",\"position\":3,\"name\":\"Huoneistot\"}]},{\"@type\":\"WebSite\",\"@id\":\"https:\/\/vanha.cafeherttakemi.com\/#website\",\"url\":\"https:\/\/vanha.cafeherttakemi.com\/\",\"name\":\"Kemin Asemanpuisto\",\"description\":\"Hotelli ja kahvila keskell&auml; Kemi&auml;\",\"publisher\":{\"@id\":\"https:\/\/vanha.cafeherttakemi.com\/#organization\"},\"potentialAction\":[{\"@type\":\"SearchAction\",\"target\":{\"@type\":\"EntryPoint\",\"urlTemplate\":\"https:\/\/vanha.cafeherttakemi.com\/?s={search_term_string}\"},\"query-input\":{\"@type\":\"PropertyValueSpecification\",\"valueRequired\":true,\"valueName\":\"search_term_string\"}}],\"inLanguage\":\"en-GB\"},{\"@type\":\"Organization\",\"@id\":\"https:\/\/vanha.cafeherttakemi.com\/#organization\",\"name\":\"Kemin Asemanpuisto Oy\",\"url\":\"https:\/\/vanha.cafeherttakemi.com\/\",\"logo\":{\"@type\":\"ImageObject\",\"inLanguage\":\"en-GB\",\"@id\":\"https:\/\/vanha.cafeherttakemi.com\/#\/schema\/logo\/image\/\",\"url\":\"http:\/\/vanha.cafeherttakemi.com\/wp-content\/uploads\/2019\/09\/Kemin-asemanpuisto_logo_badge2.png\",\"contentUrl\":\"http:\/\/vanha.cafeherttakemi.com\/wp-content\/uploads\/2019\/09\/Kemin-asemanpuisto_logo_badge2.png\",\"width\":1772,\"height\":1772,\"caption\":\"Kemin Asemanpuisto Oy\"},\"image\":{\"@id\":\"https:\/\/vanha.cafeherttakemi.com\/#\/schema\/logo\/image\/\"}}]}<\/script>\n<!-- \/ Yoast SEO plugin. -->","yoast_head_json":{"title":"Huoneistot - Kemin Asemanpuisto","robots":{"index":"index","follow":"follow","max-snippet":"max-snippet:-1","max-image-preview":"max-image-preview:large","max-video-preview":"max-video-preview:-1"},"canonical":"https:\/\/vanha.cafeherttakemi.com\/en\/putiikkihotelli-kemi-1932\/huoneistot\/","og_locale":"en_GB","og_type":"article","og_title":"Huoneistot - Kemin Asemanpuisto","og_description":"Huoneistot PutiikkiHotelli Kemi 1932 historialliset Huoneistot ovat toimineet aikoinaan Valtion Rautateiden ty\u00f6ntekij\u00f6iden asuntoina. Rakennus on saanut osansa alueen kunnostuksesta ja niin ulkoa kuin sis\u00e4lt\u00e4 remontoidut huoneistot ovat p\u00e4ivitetty nykyaikaan.\u00a0 Ratapihan etel\u00e4isimm\u00e4ss\u00e4 p\u00e4\u00e4dyss\u00e4 sijaitsevat huoneistot ovat t\u00e4ysin omassa rauhassaan. Huoneistojen pihamaata ymp\u00e4r\u00f6iv\u00e4t vanhat maakellarit ja makasiinit henkiv\u00e4t vanhaa aikaa ja luovat tunnelmaa ymp\u00e4rilleen.\u00a0 75 neli\u00f6metrin huoneistot\u00a0ovat [&hellip;]","og_url":"https:\/\/vanha.cafeherttakemi.com\/en\/putiikkihotelli-kemi-1932\/huoneistot\/","og_site_name":"Kemin Asemanpuisto","article_modified_time":"2021-02-11T12:45:59+00:00","og_image":[{"url":"http:\/\/vanha.cafeherttakemi.com\/wp-content\/uploads\/2019\/02\/huoneisto-kollaasi-1024x1024.jpg","type":"","width":"","height":""}],"twitter_card":"summary_large_image","twitter_misc":{"Estimated reading time":"1 minute"},"schema":{"@context":"https:\/\/schema.org","@graph":[{"@type":"WebPage","@id":"https:\/\/vanha.cafeherttakemi.com\/putiikkihotelli-kemi-1932\/huoneistot\/","url":"https:\/\/vanha.cafeherttakemi.com\/putiikkihotelli-kemi-1932\/huoneistot\/","name":"Huoneistot - Kemin Asemanpuisto","isPartOf":{"@id":"https:\/\/vanha.cafeherttakemi.com\/#website"},"primaryImageOfPage":{"@id":"https:\/\/vanha.cafeherttakemi.com\/putiikkihotelli-kemi-1932\/huoneistot\/#primaryimage"},"image":{"@id":"https:\/\/vanha.cafeherttakemi.com\/putiikkihotelli-kemi-1932\/huoneistot\/#primaryimage"},"thumbnailUrl":"http:\/\/vanha.cafeherttakemi.com\/wp-content\/uploads\/2019\/02\/huoneisto-kollaasi-1024x1024.jpg","datePublished":"2019-09-11T13:29:26+00:00","dateModified":"2021-02-11T12:45:59+00:00","breadcrumb":{"@id":"https:\/\/vanha.cafeherttakemi.com\/putiikkihotelli-kemi-1932\/huoneistot\/#breadcrumb"},"inLanguage":"en-GB","potentialAction":[{"@type":"ReadAction","target":["https:\/\/vanha.cafeherttakemi.com\/putiikkihotelli-kemi-1932\/huoneistot\/"]}]},{"@type":"ImageObject","inLanguage":"en-GB","@id":"https:\/\/vanha.cafeherttakemi.com\/putiikkihotelli-kemi-1932\/huoneistot\/#primaryimage","url":"http:\/\/vanha.cafeherttakemi.com\/wp-content\/uploads\/2019\/02\/huoneisto-kollaasi-1024x1024.jpg","contentUrl":"http:\/\/vanha.cafeherttakemi.com\/wp-content\/uploads\/2019\/02\/huoneisto-kollaasi-1024x1024.jpg"},{"@type":"BreadcrumbList","@id":"https:\/\/vanha.cafeherttakemi.com\/putiikkihotelli-kemi-1932\/huoneistot\/#breadcrumb","itemListElement":[{"@type":"ListItem","position":1,"name":"Home","item":"https:\/\/vanha.cafeherttakemi.com\/"},{"@type":"ListItem","position":2,"name":"Putiikkihotelli Kemi 1932","item":"https:\/\/vanha.cafeherttakemi.com\/putiikkihotelli-kemi-1932\/"},{"@type":"ListItem","position":3,"name":"Huoneistot"}]},{"@type":"WebSite","@id":"https:\/\/vanha.cafeherttakemi.com\/#website","url":"https:\/\/vanha.cafeherttakemi.com\/","name":"Kemi Station Park","description":"Hotel and caf\u00e9 in the centre of Kemi","publisher":{"@id":"https:\/\/vanha.cafeherttakemi.com\/#organization"},"potentialAction":[{"@type":"SearchAction","target":{"@type":"EntryPoint","urlTemplate":"https:\/\/vanha.cafeherttakemi.com\/?s={search_term_string}"},"query-input":{"@type":"PropertyValueSpecification","valueRequired":true,"valueName":"search_term_string"}}],"inLanguage":"en-GB"},{"@type":"Organization","@id":"https:\/\/vanha.cafeherttakemi.com\/#organization","name":"Kemi Asemanpuisto Oy","url":"https:\/\/vanha.cafeherttakemi.com\/","logo":{"@type":"ImageObject","inLanguage":"en-GB","@id":"https:\/\/vanha.cafeherttakemi.com\/#\/schema\/logo\/image\/","url":"http:\/\/vanha.cafeherttakemi.com\/wp-content\/uploads\/2019\/09\/Kemin-asemanpuisto_logo_badge2.png","contentUrl":"http:\/\/vanha.cafeherttakemi.com\/wp-content\/uploads\/2019\/09\/Kemin-asemanpuisto_logo_badge2.png","width":1772,"height":1772,"caption":"Kemin Asemanpuisto Oy"},"image":{"@id":"https:\/\/vanha.cafeherttakemi.com\/#\/schema\/logo\/image\/"}}]}},"_links":{"self":[{"href":"https:\/\/vanha.cafeherttakemi.com\/en\/wp-json\/wp\/v2\/pages\/856","targetHints":{"allow":["GET"]}}],"collection":[{"href":"https:\/\/vanha.cafeherttakemi.com\/en\/wp-json\/wp\/v2\/pages"}],"about":[{"href":"https:\/\/vanha.cafeherttakemi.com\/en\/wp-json\/wp\/v2\/types\/page"}],"author":[{"embeddable":true,"href":"https:\/\/vanha.cafeherttakemi.com\/en\/wp-json\/wp\/v2\/users\/1"}],"replies":[{"embeddable":true,"href":"https:\/\/vanha.cafeherttakemi.com\/en\/wp-json\/wp\/v2\/comments?post=856"}],"version-history":[{"count":8,"href":"https:\/\/vanha.cafeherttakemi.com\/en\/wp-json\/wp\/v2\/pages\/856\/revisions"}],"predecessor-version":[{"id":1506,"href":"https:\/\/vanha.cafeherttakemi.com\/en\/wp-json\/wp\/v2\/pages\/856\/revisions\/1506"}],"up":[{"embeddable":true,"href":"https:\/\/vanha.cafeherttakemi.com\/en\/wp-json\/wp\/v2\/pages\/803"}],"wp:attachment":[{"href":"https:\/\/vanha.cafeherttakemi.com\/en\/wp-json\/wp\/v2\/media?parent=856"}],"curies":[{"name":"wp","href":"https:\/\/api.w.org\/{rel}","templated":true}]}}